{"id":11710,"date":"2026-05-05T13:13:14","date_gmt":"2026-05-05T11:13:14","guid":{"rendered":"https:\/\/riksgransen.se\/?post_type=product&#038;p=11710"},"modified":"2026-05-05T16:59:39","modified_gmt":"2026-05-05T14:59:39","slug":"banked-bankett-16-maj-2100","status":"publish","type":"product","link":"https:\/\/riksgransen.se\/en\/activity\/banked-bankett-16-maj-2100\/","title":{"rendered":"Banked Banquet May 16 9:00 PM"},"content":{"rendered":"<p>V\u00e4lkomna p\u00e5 bankett f\u00f6r er som t\u00e4vlat Riksgr\u00e4nsen Banked Slalom!<\/p>\n<p><\/p>\n<p><b>Plats:&nbsp;<\/b>Lapplandia.<\/p>\n<p><b>N\u00e4r?: <\/b>16 maj, kl. 21:00.<\/p>\n<p><\/p>\n<p>Biljetten kan k\u00f6pas fram till 17:00 samma dag. H\u00e4mta ut era vristband f\u00f6r tillg\u00e4nglighet till restaurangen i receptionen.<\/p>\n<p>&nbsp;Vi f\u00f6rbeh\u00e5ller oss r\u00e4tten att st\u00e4nga f\u00f6rs\u00e4ljningen tidigare om biljetterna tar slut.<\/p>","protected":false},"excerpt":{"rendered":"<p>A banquet for the competitors in the Riksgr\u00e4nsen Banked Slalom. Tickets will be scanned and exchanged for a wristband at the reception desk.<\/p>","protected":false},"featured_media":11711,"template":"","meta":{"_acf_changed":false,"_relevanssi_hide_post":"","_relevanssi_hide_content":"","_relevanssi_pin_for_all":"","_relevanssi_pin_keywords":"","_relevanssi_unpin_keywords":"","_relevanssi_related_keywords":"","_relevanssi_related_include_ids":"","_relevanssi_related_exclude_ids":"","_relevanssi_related_no_append":"","_relevanssi_related_not_related":"","_relevanssi_related_posts":"","_relevanssi_noindex_reason":""},"product_cat":[89],"product_tag":[133,56],"class_list":{"0":"post-11710","1":"product","2":"type-product","3":"status-publish","4":"has-post-thumbnail","6":"product_cat-ticket","7":"product_tag-banked-bankett","8":"product_tag-rezdy","10":"first","11":"instock","12":"virtual","13":"purchasable","14":"product-type-simple"},"acf":[],"_links":{"self":[{"href":"https:\/\/riksgransen.se\/en\/wp-json\/wp\/v2\/product\/11710","targetHints":{"allow":["GET"]}}],"collection":[{"href":"https:\/\/riksgransen.se\/en\/wp-json\/wp\/v2\/product"}],"about":[{"href":"https:\/\/riksgransen.se\/en\/wp-json\/wp\/v2\/types\/product"}],"wp:featuredmedia":[{"embeddable":true,"href":"https:\/\/riksgransen.se\/en\/wp-json\/wp\/v2\/media\/11711"}],"wp:attachment":[{"href":"https:\/\/riksgransen.se\/en\/wp-json\/wp\/v2\/media?parent=11710"}],"wp:term":[{"taxonomy":"product_cat","embeddable":true,"href":"https:\/\/riksgransen.se\/en\/wp-json\/wp\/v2\/product_cat?post=11710"},{"taxonomy":"product_tag","embeddable":true,"href":"https:\/\/riksgransen.se\/en\/wp-json\/wp\/v2\/product_tag?post=11710"}],"curies":[{"name":"wp","href":"https:\/\/api.w.org\/{rel}","templated":true}]}}