{"id":11402,"date":"2026-04-21T16:27:35","date_gmt":"2026-04-21T14:27:35","guid":{"rendered":"https:\/\/riksgransen.se\/?post_type=product&#038;p=11402"},"modified":"2026-04-21T22:25:37","modified_gmt":"2026-04-21T20:25:37","slug":"riksgransen-banked-slalom","status":"publish","type":"product","link":"https:\/\/riksgransen.se\/en\/activity\/riksgransen-banked-slalom\/","title":{"rendered":"Riksgr\u00e4nsen Banked Slalom"},"content":{"rendered":"<p>RBS, as we call it, celebrates its 14th edition this year. This competition is created for dedicated snowboarders and aims to bring the snowboard community together for a memorable weekend in Riksgr\u00e4nsen.&nbsp;<\/p>\n<p>Thanks to its ideal location right under the main chairlift, the audience can see and cheer on participants during the competition. There's probably no better way to enjoy the end of the season than by participating in the competition or being there to support the riders. Join us on the journey! Sign up for this year's competition today.<\/p>\n<p><\/p>\n<p><span><b><\/b><b>About the competition<\/b><br \/><\/span><\/p>\n<p>We bring generations of snowboarders together in a unique way in a spectacular location. For some it's the first time they've been back since they were kids in the 90s, others bring their kids to experience the light and atmosphere with them, but most of us see this as something that speaks to their soul as snowboarders. Riksgr\u00e4nsen Banked Slalom is a melting pot of Scandinavian snowboarding where we create new visions and resurrect old legends.<b><br \/><\/b><\/p>\n<p>Accommodation under RBS 2026<\/p>\n<\/p>\n<p>For RBS 2026, a limited number of rooms and apartments have been reserved in different categories. These are now fully booked.<\/p>\n<p>If you wish to stay in the area, the cottage village K\u00e5ppas and the hotel in Bj\u00f6rkliden are open for booking all year round, book k\u00e5ppas stugby&nbsp;<a href=\"https:\/\/bjorkliden.com\/bo-resa\/boendealternativ\/\">here!<\/a><\/p>\n<h4>To be purchased on site:<\/h4>\n<ul>\n<li>Ski pass 3 days: 1235 kr. on presentation of the participant registration.<\/li>\n<li>Keycard: 60 SEK<\/li>\n<li>Bankett:&nbsp; 485 kr per person.<\/li>\n<\/ul><\/p>","protected":false},"excerpt":{"rendered":"<p>RBS, as we call it, celebrates its 14th edition this year. This competition is created for dedicated snowboarders and aims to bring the snowboard community together for a memorable weekend in Riksgr\u00e4nsen. <\/p>","protected":false},"featured_media":11403,"template":"","meta":{"_acf_changed":false,"_relevanssi_hide_post":"","_relevanssi_hide_content":"","_relevanssi_pin_for_all":"","_relevanssi_pin_keywords":"","_relevanssi_unpin_keywords":"","_relevanssi_related_keywords":"","_relevanssi_related_include_ids":"","_relevanssi_related_exclude_ids":"","_relevanssi_related_no_append":"","_relevanssi_related_not_related":"","_relevanssi_related_posts":"","_relevanssi_noindex_reason":""},"product_cat":[75,115],"product_tag":[122,125,123,56,124,121],"class_list":{"0":"post-11402","1":"product","2":"type-product","3":"status-publish","4":"has-post-thumbnail","6":"product_cat-event","7":"product_cat-outdoor-events","8":"product_tag-banked-3","9":"product_tag-folkfest","10":"product_tag-rbs","11":"product_tag-rezdy","12":"product_tag-snowboard","13":"product_tag-tavling","15":"first","16":"instock","17":"virtual","18":"purchasable","19":"product-type-simple"},"acf":[],"_links":{"self":[{"href":"https:\/\/riksgransen.se\/en\/wp-json\/wp\/v2\/product\/11402","targetHints":{"allow":["GET"]}}],"collection":[{"href":"https:\/\/riksgransen.se\/en\/wp-json\/wp\/v2\/product"}],"about":[{"href":"https:\/\/riksgransen.se\/en\/wp-json\/wp\/v2\/types\/product"}],"wp:featuredmedia":[{"embeddable":true,"href":"https:\/\/riksgransen.se\/en\/wp-json\/wp\/v2\/media\/11403"}],"wp:attachment":[{"href":"https:\/\/riksgransen.se\/en\/wp-json\/wp\/v2\/media?parent=11402"}],"wp:term":[{"taxonomy":"product_cat","embeddable":true,"href":"https:\/\/riksgransen.se\/en\/wp-json\/wp\/v2\/product_cat?post=11402"},{"taxonomy":"product_tag","embeddable":true,"href":"https:\/\/riksgransen.se\/en\/wp-json\/wp\/v2\/product_tag?post=11402"}],"curies":[{"name":"wp","href":"https:\/\/api.w.org\/{rel}","templated":true}]}}