{"id":9460,"date":"2026-03-06T16:00:08","date_gmt":"2026-03-06T15:00:08","guid":{"rendered":"https:\/\/riksgransen.se\/?page_id=9460"},"modified":"2026-04-16T15:28:55","modified_gmt":"2026-04-16T13:28:55","slug":"menu-lappis","status":"publish","type":"page","link":"https:\/\/riksgransen.se\/en\/experiences\/food-fun\/restaurants\/lappis\/menu-lappis\/","title":{"rendered":"Meny Lappis"},"content":{"rendered":"<section  class=\"acf-hero-subpage-block variant-columns block-wrapper bg-(--background) color-scheme-light module-spacing-md-top module-spacing-md-bottom\" data-block=\"hero-subpage-columns \">\n            <div class=\"hero-subpage-columns content-container relative image-right has-illustration\">\n                    <nav aria-label=\"Breadcrumb\" class=\"hero-breadcrumbs-column\"><ol><\/ol><\/nav><style>nav.hero-breadcrumbs-column ol{display:inline;list-style:none;margin-inline-start:0}nav.hero-breadcrumbs-column ol li{display:inline}nav.hero-breadcrumbs-column ol li:not(:last-child)::after{content:'|';margin-inline-end:1ch;margin-inline-start:1ch}<\/style>                <div class=\"hero-subpage-column-image\">\n                                        <div class=\"illustration-wrapper\">\n                    <div class=\"hero-columns-illustration-bg absolute top-14 md:top-24 lg:top-8 xl:top-12 2xl:top-20 bottom-0 left-0 w-full max-w-240 overflow-hidden\">\n    <svg class=\"block w-full h-auto stroke-(--text-primary)\" viewBox=\"0 0 797 797\">\n        <defs>\n            <pattern id=\"HeroColumnPattern\" x=\"0\" y=\"-.08\" width=\".077\" height=\"0.077\">\n                <path d=\"M30.2 25.8v9M25.8 30.2h9\" stroke-width=\"1\"\/>\n            <\/pattern>\n        <\/defs>\n        <rect fill=\"url(#HeroColumnPattern)\" width=\"797\" height=\"797\" stroke=\"none\"\/>\n    <\/svg>\n<\/div>\n<svg class=\"hero-columns-illustration-fg absolute size-17.25! md:size-27! xl:size-32.5! z-10 fill-(--icon-brand) block w-full h-full\" viewBox=\"0 0 26 24\" fill=\"currentColor\">\n    <path d=\"M20.1396 12.3493C20.0242 12.1502 20.0559 11.8988 20.2171 11.7343C20.6476 11.2947 21.0085 10.8483 21.0085 10.8483L19.7532 9.86038C19.7532 9.86038 19.6997 9.93021 19.6061 10.043C19.3762 10.3187 18.9405 10.283 18.7606 9.97262L13 0.0488281L7.24152 9.97003C7.06264 10.2783 6.63 10.3166 6.39912 10.044C6.32008 9.95038 6.2686 9.88779 6.2686 9.88779L5.01696 10.8809C5.01696 10.8809 5.28944 11.244 5.77668 11.7318C5.94152 11.8962 5.97532 12.1502 5.85832 12.3514L0.052002 22.3564H11.6828C11.9678 22.3564 12.1992 22.5866 12.1992 22.87V23.9506H13.8003V22.87C13.8003 22.5866 14.0317 22.3564 14.3166 22.3564H25.948L20.1396 12.3493ZM12.1997 20.2502C12.1997 20.5337 11.9683 20.7638 11.6834 20.7638H3.71904C3.32176 20.7638 3.0732 20.3356 3.27184 19.9931L7.05588 13.4733C7.20096 13.2235 7.52284 13.1433 7.7714 13.2918C8.98196 14.0149 10.3381 14.4783 11.7463 14.6511C12.0047 14.6826 12.1992 14.9014 12.1992 15.1606V20.2502H12.1997ZM13 13.1381C11.415 13.1381 9.88936 12.713 8.554 11.9035C8.31324 11.7576 8.2316 11.4488 8.37252 11.2057L12.5528 4.00366C12.7514 3.66124 13.2486 3.66124 13.4472 4.00366L17.6275 11.2057C17.7684 11.4483 17.6868 11.7571 17.446 11.9035C16.1112 12.713 14.585 13.1381 13 13.1381ZM22.2804 20.7638H14.3166C14.0317 20.7638 13.8003 20.5337 13.8003 20.2502V15.1606C13.8003 14.9014 13.9942 14.6826 14.2532 14.6511C15.6614 14.4788 17.0175 14.0149 18.2281 13.2923C18.4766 13.1438 18.799 13.224 18.9436 13.4738L22.7276 19.9931C22.9263 20.3356 22.6777 20.7638 22.2804 20.7638Z\"\/>\n<\/svg>                <\/div>\n                                    <picture class=\"w-full illustration-image\"><img srcset=\"https:\/\/images.ohmyhosting.se\/dtnqpXZn7EhyFhTgyWFgBzjOxXk=\/200x200\/smart\/filters:quality(85)\/https%3A%2F%2Flaplandresorts.se%2F%2Fwp-content%2Fuploads%2Fsites%2F3%2F2026%2F03%2F2026-vinter-lappis-lunch-dagens-mat-fisk-tallrik-amaliahyll.jpg 200w, https:\/\/images.ohmyhosting.se\/KIWRdvH4vXIS-CJVmRgzGpqUjY4=\/241x241\/smart\/filters:quality(85)\/https%3A%2F%2Flaplandresorts.se%2F%2Fwp-content%2Fuploads%2Fsites%2F3%2F2026%2F03%2F2026-vinter-lappis-lunch-dagens-mat-fisk-tallrik-amaliahyll.jpg 241w, https:\/\/images.ohmyhosting.se\/vC55NJgUDHURpzavJ3z1vQaGhuU=\/282x282\/smart\/filters:quality(85)\/https%3A%2F%2Flaplandresorts.se%2F%2Fwp-content%2Fuploads%2Fsites%2F3%2F2026%2F03%2F2026-vinter-lappis-lunch-dagens-mat-fisk-tallrik-amaliahyll.jpg 282w, https:\/\/images.ohmyhosting.se\/XV-M4_T4wVnCjQK8utFE9oaoco8=\/323x323\/smart\/filters:quality(85)\/https%3A%2F%2Flaplandresorts.se%2F%2Fwp-content%2Fuploads%2Fsites%2F3%2F2026%2F03%2F2026-vinter-lappis-lunch-dagens-mat-fisk-tallrik-amaliahyll.jpg 323w, https:\/\/images.ohmyhosting.se\/6l0BnfPQaRvSClUQxMF7uMk0pcc=\/364x364\/smart\/filters:quality(85)\/https%3A%2F%2Flaplandresorts.se%2F%2Fwp-content%2Fuploads%2Fsites%2F3%2F2026%2F03%2F2026-vinter-lappis-lunch-dagens-mat-fisk-tallrik-amaliahyll.jpg 364w, https:\/\/images.ohmyhosting.se\/3NzF7D6EpOFttWCs-JZXE3ZdMbY=\/400x400\/smart\/filters:quality(85)\/https%3A%2F%2Flaplandresorts.se%2F%2Fwp-content%2Fuploads%2Fsites%2F3%2F2026%2F03%2F2026-vinter-lappis-lunch-dagens-mat-fisk-tallrik-amaliahyll.jpg 400w, https:\/\/images.ohmyhosting.se\/ngx_eO-hr_5i2rt5wP6V3VSmi6U=\/405x405\/smart\/filters:quality(85)\/https%3A%2F%2Flaplandresorts.se%2F%2Fwp-content%2Fuploads%2Fsites%2F3%2F2026%2F03%2F2026-vinter-lappis-lunch-dagens-mat-fisk-tallrik-amaliahyll.jpg 405w, https:\/\/images.ohmyhosting.se\/NI2BhzhjKjFgfJDMRpninARRyTs=\/446x446\/smart\/filters:quality(85)\/https%3A%2F%2Flaplandresorts.se%2F%2Fwp-content%2Fuploads%2Fsites%2F3%2F2026%2F03%2F2026-vinter-lappis-lunch-dagens-mat-fisk-tallrik-amaliahyll.jpg 446w, https:\/\/images.ohmyhosting.se\/bxVyePWzxSk_oh1ICBx6a923b68=\/482x482\/smart\/filters:quality(85)\/https%3A%2F%2Flaplandresorts.se%2F%2Fwp-content%2Fuploads%2Fsites%2F3%2F2026%2F03%2F2026-vinter-lappis-lunch-dagens-mat-fisk-tallrik-amaliahyll.jpg 482w, https:\/\/images.ohmyhosting.se\/58bwUGMvgiv6jehwj9o_4ee99e0=\/487x487\/smart\/filters:quality(85)\/https%3A%2F%2Flaplandresorts.se%2F%2Fwp-content%2Fuploads%2Fsites%2F3%2F2026%2F03%2F2026-vinter-lappis-lunch-dagens-mat-fisk-tallrik-amaliahyll.jpg 487w, https:\/\/images.ohmyhosting.se\/I74SAxsu6YA2l8EFF5NFFv_rAso=\/528x528\/smart\/filters:quality(85)\/https%3A%2F%2Flaplandresorts.se%2F%2Fwp-content%2Fuploads%2Fsites%2F3%2F2026%2F03%2F2026-vinter-lappis-lunch-dagens-mat-fisk-tallrik-amaliahyll.jpg 528w, https:\/\/images.ohmyhosting.se\/fP4L2q7uFfyomlWP2MGiAuhDPrI=\/564x564\/smart\/filters:quality(85)\/https%3A%2F%2Flaplandresorts.se%2F%2Fwp-content%2Fuploads%2Fsites%2F3%2F2026%2F03%2F2026-vinter-lappis-lunch-dagens-mat-fisk-tallrik-amaliahyll.jpg 564w, https:\/\/images.ohmyhosting.se\/rbAYg-QXA9taRM_PG_Y-rpT2tkE=\/569x569\/smart\/filters:quality(85)\/https%3A%2F%2Flaplandresorts.se%2F%2Fwp-content%2Fuploads%2Fsites%2F3%2F2026%2F03%2F2026-vinter-lappis-lunch-dagens-mat-fisk-tallrik-amaliahyll.jpg 569w, https:\/\/images.ohmyhosting.se\/jf8amATtiydoesWV-jJKMHrVJ6Y=\/610x610\/smart\/filters:quality(85)\/https%3A%2F%2Flaplandresorts.se%2F%2Fwp-content%2Fuploads%2Fsites%2F3%2F2026%2F03%2F2026-vinter-lappis-lunch-dagens-mat-fisk-tallrik-amaliahyll.jpg 610w, https:\/\/images.ohmyhosting.se\/OyGdxQGLNxj_Qv1J0DNtFa0LFik=\/646x646\/smart\/filters:quality(85)\/https%3A%2F%2Flaplandresorts.se%2F%2Fwp-content%2Fuploads%2Fsites%2F3%2F2026%2F03%2F2026-vinter-lappis-lunch-dagens-mat-fisk-tallrik-amaliahyll.jpg 646w, https:\/\/images.ohmyhosting.se\/KppErc2q8eDPBFtwYoDzSJ_o9JA=\/651x651\/smart\/filters:quality(85)\/https%3A%2F%2Flaplandresorts.se%2F%2Fwp-content%2Fuploads%2Fsites%2F3%2F2026%2F03%2F2026-vinter-lappis-lunch-dagens-mat-fisk-tallrik-amaliahyll.jpg 651w, https:\/\/images.ohmyhosting.se\/nRaWKTJG2sf-3X1KAzc_yJKex94=\/692x692\/smart\/filters:quality(85)\/https%3A%2F%2Flaplandresorts.se%2F%2Fwp-content%2Fuploads%2Fsites%2F3%2F2026%2F03%2F2026-vinter-lappis-lunch-dagens-mat-fisk-tallrik-amaliahyll.jpg 692w, https:\/\/images.ohmyhosting.se\/u-XlmpzdlCDORJ-JVqQmHEXtKFg=\/728x728\/smart\/filters:quality(85)\/https%3A%2F%2Flaplandresorts.se%2F%2Fwp-content%2Fuploads%2Fsites%2F3%2F2026%2F03%2F2026-vinter-lappis-lunch-dagens-mat-fisk-tallrik-amaliahyll.jpg 728w, https:\/\/images.ohmyhosting.se\/nhwgqZAPW_sYt3SW9YtmE-M-nnk=\/733x733\/smart\/filters:quality(85)\/https%3A%2F%2Flaplandresorts.se%2F%2Fwp-content%2Fuploads%2Fsites%2F3%2F2026%2F03%2F2026-vinter-lappis-lunch-dagens-mat-fisk-tallrik-amaliahyll.jpg 733w, https:\/\/images.ohmyhosting.se\/czf8iuFvfZ5kKnnfi2ndHKT09Mg=\/774x774\/smart\/filters:quality(85)\/https%3A%2F%2Flaplandresorts.se%2F%2Fwp-content%2Fuploads%2Fsites%2F3%2F2026%2F03%2F2026-vinter-lappis-lunch-dagens-mat-fisk-tallrik-amaliahyll.jpg 774w, https:\/\/images.ohmyhosting.se\/kEn-E64VaHgFdFkVbOUIoOxMu7M=\/797x797\/smart\/filters:quality(85)\/https%3A%2F%2Flaplandresorts.se%2F%2Fwp-content%2Fuploads%2Fsites%2F3%2F2026%2F03%2F2026-vinter-lappis-lunch-dagens-mat-fisk-tallrik-amaliahyll.jpg 797w, https:\/\/images.ohmyhosting.se\/-JV1tLK6kZu0GJaT4U-U_Uymt1U=\/810x810\/smart\/filters:quality(85)\/https%3A%2F%2Flaplandresorts.se%2F%2Fwp-content%2Fuploads%2Fsites%2F3%2F2026%2F03%2F2026-vinter-lappis-lunch-dagens-mat-fisk-tallrik-amaliahyll.jpg 810w, https:\/\/images.ohmyhosting.se\/7zsLGqf5y1zWR4dNMgH2j46NQ-g=\/892x892\/smart\/filters:quality(85)\/https%3A%2F%2Flaplandresorts.se%2F%2Fwp-content%2Fuploads%2Fsites%2F3%2F2026%2F03%2F2026-vinter-lappis-lunch-dagens-mat-fisk-tallrik-amaliahyll.jpg 892w, https:\/\/images.ohmyhosting.se\/x4LWc9Y9zHYrmdPRGbtAOIYbKHQ=\/974x974\/smart\/filters:quality(85)\/https%3A%2F%2Flaplandresorts.se%2F%2Fwp-content%2Fuploads%2Fsites%2F3%2F2026%2F03%2F2026-vinter-lappis-lunch-dagens-mat-fisk-tallrik-amaliahyll.jpg 974w, https:\/\/images.ohmyhosting.se\/gfGuUyEg1OcQZ6hFH5VH7Y_lswQ=\/1056x1056\/smart\/filters:quality(85)\/https%3A%2F%2Flaplandresorts.se%2F%2Fwp-content%2Fuploads%2Fsites%2F3%2F2026%2F03%2F2026-vinter-lappis-lunch-dagens-mat-fisk-tallrik-amaliahyll.jpg 1056w, https:\/\/images.ohmyhosting.se\/oYHnTqPKBcA4cD5vq5HoStOLVa4=\/1138x1138\/smart\/filters:quality(85)\/https%3A%2F%2Flaplandresorts.se%2F%2Fwp-content%2Fuploads%2Fsites%2F3%2F2026%2F03%2F2026-vinter-lappis-lunch-dagens-mat-fisk-tallrik-amaliahyll.jpg 1138w, https:\/\/images.ohmyhosting.se\/b6CmfgK536JDHbtlFNR5QFFYVeU=\/1220x1220\/smart\/filters:quality(85)\/https%3A%2F%2Flaplandresorts.se%2F%2Fwp-content%2Fuploads%2Fsites%2F3%2F2026%2F03%2F2026-vinter-lappis-lunch-dagens-mat-fisk-tallrik-amaliahyll.jpg 1220w, https:\/\/images.ohmyhosting.se\/lFmHF8aWflxU4EcDQRBWTaKYkro=\/1302x1302\/smart\/filters:quality(85)\/https%3A%2F%2Flaplandresorts.se%2F%2Fwp-content%2Fuploads%2Fsites%2F3%2F2026%2F03%2F2026-vinter-lappis-lunch-dagens-mat-fisk-tallrik-amaliahyll.jpg 1302w, https:\/\/images.ohmyhosting.se\/pX47H2iYVMwYnjnRLrSRoJM5AYw=\/1384x1384\/smart\/filters:quality(85)\/https%3A%2F%2Flaplandresorts.se%2F%2Fwp-content%2Fuploads%2Fsites%2F3%2F2026%2F03%2F2026-vinter-lappis-lunch-dagens-mat-fisk-tallrik-amaliahyll.jpg 1384w, https:\/\/images.ohmyhosting.se\/YB7Cx6h4TRR99T-kxAK8VV__coM=\/1466x1466\/smart\/filters:quality(85)\/https%3A%2F%2Flaplandresorts.se%2F%2Fwp-content%2Fuploads%2Fsites%2F3%2F2026%2F03%2F2026-vinter-lappis-lunch-dagens-mat-fisk-tallrik-amaliahyll.jpg 1466w, https:\/\/images.ohmyhosting.se\/OoN6voOqgyotzwqw40zeZslM8XM=\/1548x1548\/smart\/filters:quality(85)\/https%3A%2F%2Flaplandresorts.se%2F%2Fwp-content%2Fuploads%2Fsites%2F3%2F2026%2F03%2F2026-vinter-lappis-lunch-dagens-mat-fisk-tallrik-amaliahyll.jpg 1548w, https:\/\/images.ohmyhosting.se\/8a8EsBbuqxWbyG2WU7fsqUI-itE=\/1594x1594\/smart\/filters:quality(85)\/https%3A%2F%2Flaplandresorts.se%2F%2Fwp-content%2Fuploads%2Fsites%2F3%2F2026%2F03%2F2026-vinter-lappis-lunch-dagens-mat-fisk-tallrik-amaliahyll.jpg 1594w\" alt=\"\" class=\"w-full cover-image lazyload\" height=\"797\" width=\"797\" data-src=\"https:\/\/images.ohmyhosting.se\/kEn-E64VaHgFdFkVbOUIoOxMu7M=\/797x797\/smart\/filters:quality(85)\/https%3A%2F%2Flaplandresorts.se%2F%2Fwp-content%2Fuploads%2Fsites%2F3%2F2026%2F03%2F2026-vinter-lappis-lunch-dagens-mat-fisk-tallrik-amaliahyll.jpg\" loading=\"lazy\" \/><\/picture>\n                                    <\/div>\n        <div class=\"hero-subpage-column-content\">\n                                    <h1 class=\"fluid-display-03 mb-5 max-w-[10em] text-black-1000\">Meny &#8211; Lappis<\/h1>\n                                <\/div>\n    <\/div>\n    <\/section>\n        \n\n<section  class=\"block-wrapper bg-(--background-brand-primary) color-scheme-light module-spacing-md-top module-spacing-md-bottom site-container\" data-block=\"text-section \">\n            <div class=\"content-container flex flex-col lg:items-center\">\n    <div class=\"w-full lg:max-w-[580px]\">\n                    <h2 class=\"fluid-heading-05 mb-6 text-(--text-primary)\">Lunchmeny<\/h2>\n            <\/div>\n        <div class=\"lg:max-w-[580px] w-full\">\n        <div class=\"wysiwyg md:max-w-[567px]\">\n            <h5>Vecka 16<\/h5>\n<p><strong>Fredag<br \/>\n<\/strong>Stekt fisk med fl\u00e4sk, kapris, pepparrot och brynt sm\u00f6r<br \/>\nVeg: Crispig fil\u00e9<\/p>\n<p><strong>L\u00f6rdag<\/strong><br \/>\nGr\u00f6ncurry med kyckling och ris<br \/>\nVeg: Tofu<\/p>\n<p><strong>S\u00f6ndag<\/strong><br \/>\nFisk med skaldjurss\u00e5s, purjol\u00f6k och potatis<br \/>\nVeg:\u00a0 Nothing fishy<\/p>\n<p>&nbsp;<\/p>\n<h5>Vecka 17<\/h5>\n<p>20 &#8211; 26 april.<\/p>\n<p><strong>M\u00e5n:<\/strong><br \/>\nL\u00e5ngbakad fl\u00e4skkarr\u00e9 med rostade rotsaker och vitl\u00f6ksmajo<br \/>\nVeg: Krispig stekost med rostade rotsaker och vitl\u00f6ksmajo<\/p>\n<p><strong>Tis:<br \/>\n<\/strong>Stekt flundra med potatissallad, gremolatakr\u00e4m, r\u00e4disa och vinaigrette<br \/>\nVeg: Bakad blomk\u00e5l med potatissallad, gremolatakr\u00e4m, r\u00e4disa och vinaigrette<\/p>\n<p><strong>Ons:<\/strong><br \/>\nSalsicciapasta<br \/>\nVeg: Pasta med stekost<\/p>\n<p><strong>Tors:<\/strong><br \/>\nSvampsoppa med gratinerat vitl\u00f6ksbr\u00f6d och chimichurri<\/p>\n<p><strong>Fre:<\/strong><br \/>\nBiff Rydberg med pepparrotskr\u00e4m och dijonmajo<br \/>\nVeg: Stekost Rydberg med pepparrotskr\u00e4m och dijonmajo<\/p>\n<p><strong>L\u00f6r:<\/strong><br \/>\nFisktacos med k\u00e5l, fetaost, ananassalsa och chillimajo<br \/>\nVeg: Krispig veg-tacos med k\u00e5l, fetaost, ananassalsa och chillimajo<\/p>\n<p><strong>S\u00f6n:<\/strong><br \/>\nBiffstroganoff med ris, cornichons och cr\u00e8me fraiche<br \/>\nVeg: Tofugryta med ris, cornichons och cr\u00e8me fraiche<\/p>\n\n        <\/div>\n    <\/div>\n      <\/div>\n    <\/section>\n\n\n<section  id=\"alacarte\"  class=\"block-wrapper bg-(--background) color-scheme-light module-spacing-md-top module-spacing-none-bottom site-container\" data-block=\"text-cta-section \">\n            <div class=\"flex flex-col text-(--text-primary) content-container items-center\">\n    \n    <div class=\"flex flex-col lg:gap-x-6 xl:gap-x-7 items-center\">\n\n      \n        <div class=\"max-md:max-w-[632px] xl:max-w-[1080px] 2xl:max-w-[1684px]\">\n                        <h2 class=\"fluid-heading-06 mb-9 text-center\">\u00c0 la Carte meny<\/h2>\n                  <\/div>\n\n      \n        <div class=\"max-w-[549px] lg:max-w-[580px] lg:flex lg:flex-col self-center\">\n\n            \n                    <\/div>\n    <\/div>\n  <\/div>\n    <\/section>\n\n\n<section  class=\"block-wrapper bg-(--background) color-scheme-light module-spacing-sm-top module-spacing-sm-bottom site-container\" data-block=\"text-section \">\n            <div class=\"content-container flex flex-col lg:items-center\">\n    <div class=\"w-full lg:max-w-[580px]\">\n                    <h2 class=\"fluid-heading-05 mb-6 text-(--text-primary)\">F\u00f6rr\u00e4tter<\/h2>\n            <\/div>\n        <div class=\"lg:max-w-[580px] w-full\">\n        <div class=\"wysiwyg md:max-w-[567px]\">\n            <p><strong>Tartar &#8211; 139 kr<\/strong><\/p>\n<p>Tartar med potatiskrisp, semibakade tomater, l\u00f6k, betor, cornichones, basilika, riven parmesan<\/p>\n<p><em>MP<\/em><\/p>\n<p>&nbsp;<\/p>\n<p><b>Burrata &#8211; 145 kr\u00a0<\/b><\/p>\n<p>Burrata med nektarin, balsamico vinaigrette, pistagepesto, stekt br\u00f6d, blodapelsin.<\/p>\n<p><em>MP, L, G, N<\/em><\/p>\n<p>&nbsp;<\/p>\n<p><strong>Tonfisktartar &#8211; 145 kr<\/strong><\/p>\n<p>med kapris, r\u00e4disa, chiliaioli, ponzu, ingef\u00e4ra, hj\u00e4rtsallad.<\/p>\n<p><em>F, \u00c4, S<\/em><\/p>\n\n        <\/div>\n    <\/div>\n      <\/div>\n    <\/section>\n\n\n<section  class=\"block-wrapper bg-(--background) color-scheme-light module-spacing-sm-top module-spacing-sm-bottom site-container\" data-block=\"text-section \">\n            <div class=\"content-container flex flex-col lg:items-center\">\n    <div class=\"w-full lg:max-w-[580px]\">\n                    <h2 class=\"fluid-heading-05 mb-6 text-(--text-primary)\">Varmr\u00e4tter<\/h2>\n            <\/div>\n        <div class=\"lg:max-w-[580px] w-full\">\n        <div class=\"wysiwyg md:max-w-[567px]\">\n            <p><strong>Moules Frites &#8211; 269kr<\/strong><\/p>\n<p>Vitvinss\u00e5s, stekt br\u00f6d, chiliaioli, pommes, citron<\/p>\n<p><em>MP, G, SK, \u00c4<\/em><\/p>\n<p>&nbsp;<\/p>\n<p><strong>Frutti Di Mare &#8211; 279 kr<\/strong><\/p>\n<p>F\u00e4rsk pasta, minibl\u00e4ckfisk, vannameir\u00e4ka, bl\u00e5mussla, tomats\u00e5s.<\/p>\n<p><em>G, \u00c4, SK<\/em><\/p>\n<p>&nbsp;<\/p>\n<p><strong>Tryffelpasta &#8211; 295 kr<\/strong><\/p>\n<p>F\u00e4rsk pasta, oxfil\u00e9, kantarell, schalottenl\u00f6k, parmesan.<\/p>\n<p><em>G, \u00c4, MP<\/em><\/p>\n<p>&nbsp;<\/p>\n<p><strong>Lammracks &#8211; 315 kr<\/strong><\/p>\n<p>Len gr\u00f6n \u00e4rtskr\u00e4m, pistagecrumble, semibakad tomat, parmesankrokett, syrlig majrova, r\u00f6dvinss\u00e5s.<\/p>\n<p><em>G, MP, N<\/em><\/p>\n\n        <\/div>\n    <\/div>\n      <\/div>\n    <\/section>\n\n\n<section  class=\"block-wrapper bg-(--background) color-scheme-light module-spacing-sm-top module-spacing-md-bottom site-container\" data-block=\"text-section \">\n            <div class=\"content-container flex flex-col lg:items-center\">\n    <div class=\"w-full lg:max-w-[580px]\">\n                    <h2 class=\"fluid-heading-05 mb-6 text-(--text-primary)\">Dessert<\/h2>\n            <\/div>\n        <div class=\"lg:max-w-[580px] w-full\">\n        <div class=\"wysiwyg md:max-w-[567px]\">\n            <p><strong>Havtornstartlette &#8211; 119 kr<\/strong><\/p>\n<p>Chokladkr\u00e4m, inlagda havtorn, blodapelsingranite.<\/p>\n<p><em>MP, G, \u00c4, L<\/em><\/p>\n<p>&nbsp;<\/p>\n<p><strong>Hallonparfait &#8211; 119 kr<\/strong><\/p>\n<p>Karamelliserad pistage, vit chokladpannacotta, vaniljinkokta bj\u00f6rnb\u00e4r.<\/p>\n<p><em>MP, L, N<\/em><\/p>\n<p>&nbsp;<\/p>\n<p><strong>Chokladtryffel &#8211; 49 kr<\/strong><\/p>\n<p>Salt karamell, havssalt<\/p>\n<p><em>MP, L<\/em><\/p>\n<p>&nbsp;<\/p>\n<p><strong>Allergener<\/strong><\/p>\n<p><em>G = Gluten<\/em><\/p>\n<p><em>L = Laktos<\/em><\/p>\n<p><em>\u00c4 = \u00c4gg<\/em><\/p>\n<p><em>SK = Skaldjur<\/em><\/p>\n<p><em>S = Senap<\/em><\/p>\n<p><em>N = N\u00f6tter<\/em><\/p>\n<p><em>MP = Mj\u00f6lkprotein<\/em><\/p>\n<p><b><br \/>\n<\/b>F\u00f6r andra allergier, v\u00e4nligen fr\u00e5ga v\u00e5r personal.<\/p>\n\n        <\/div>\n    <\/div>\n      <\/div>\n    <\/section>\n","protected":false},"excerpt":{"rendered":"","protected":false},"author":9,"featured_media":0,"parent":9443,"menu_order":0,"comment_status":"closed","ping_status":"closed","template":"","meta":{"_acf_changed":false,"_relevanssi_hide_post":"","_relevanssi_hide_content":"","_relevanssi_pin_for_all":"","_relevanssi_pin_keywords":"","_relevanssi_unpin_keywords":"","_relevanssi_related_keywords":"","_relevanssi_related_include_ids":"","_relevanssi_related_exclude_ids":"","_relevanssi_related_no_append":"","_relevanssi_related_not_related":"","_relevanssi_related_posts":"1","_relevanssi_noindex_reason":"","footnotes":""},"class_list":["post-9460","page","type-page","status-publish","hentry"],"acf":[],"_links":{"self":[{"href":"https:\/\/riksgransen.se\/en\/wp-json\/wp\/v2\/pages\/9460","targetHints":{"allow":["GET"]}}],"collection":[{"href":"https:\/\/riksgransen.se\/en\/wp-json\/wp\/v2\/pages"}],"about":[{"href":"https:\/\/riksgransen.se\/en\/wp-json\/wp\/v2\/types\/page"}],"author":[{"embeddable":true,"href":"https:\/\/riksgransen.se\/en\/wp-json\/wp\/v2\/users\/9"}],"replies":[{"embeddable":true,"href":"https:\/\/riksgransen.se\/en\/wp-json\/wp\/v2\/comments?post=9460"}],"version-history":[{"count":54,"href":"https:\/\/riksgransen.se\/en\/wp-json\/wp\/v2\/pages\/9460\/revisions"}],"predecessor-version":[{"id":11370,"href":"https:\/\/riksgransen.se\/en\/wp-json\/wp\/v2\/pages\/9460\/revisions\/11370"}],"up":[{"embeddable":true,"href":"https:\/\/riksgransen.se\/en\/wp-json\/wp\/v2\/pages\/9443"}],"wp:attachment":[{"href":"https:\/\/riksgransen.se\/en\/wp-json\/wp\/v2\/media?parent=9460"}],"curies":[{"name":"wp","href":"https:\/\/api.w.org\/{rel}","templated":true}]}}