{"id":77,"date":"2025-11-27T19:44:52","date_gmt":"2025-11-27T18:44:52","guid":{"rendered":"https:\/\/laplandresorts.se\/?page_id=77"},"modified":"2026-03-16T18:56:18","modified_gmt":"2026-03-16T17:56:18","slug":"cookies","status":"publish","type":"page","link":"https:\/\/riksgransen.se\/en\/cookies\/","title":{"rendered":"Cookies"},"content":{"rendered":"<section  class=\"acf-hero-subpage-block variant-columns block-wrapper bg-(--background) color-scheme-light module-spacing-md-top module-spacing-md-bottom\" data-block=\"hero-subpage-columns \">\n            <div class=\"hero-subpage-columns content-container relative image-left has-illustration\">\n                <div class=\"hero-subpage-column-image\">\n                                        <div class=\"illustration-wrapper\">\n                    <div class=\"hero-columns-illustration-bg absolute top-14 md:top-24 lg:top-8 xl:top-12 2xl:top-20 bottom-0 left-0 w-full max-w-240 overflow-hidden\">\n    <svg class=\"block w-full h-auto stroke-(--text-primary)\" viewBox=\"0 0 797 797\">\n        <defs>\n            <pattern id=\"HeroColumnPattern\" x=\"0\" y=\"-.08\" width=\".077\" height=\"0.077\">\n                <path d=\"M30.2 25.8v9M25.8 30.2h9\" stroke-width=\"1\"\/>\n            <\/pattern>\n        <\/defs>\n        <rect fill=\"url(#HeroColumnPattern)\" width=\"797\" height=\"797\" stroke=\"none\"\/>\n    <\/svg>\n<\/div>\n<svg class=\"hero-columns-illustration-fg absolute size-17.25! md:size-27! xl:size-32.5! z-10 fill-(--icon-brand) block w-full h-full\" viewBox=\"0 0 26 24\" fill=\"currentColor\">\n    <path d=\"M20.1396 12.3493C20.0242 12.1502 20.0559 11.8988 20.2171 11.7343C20.6476 11.2947 21.0085 10.8483 21.0085 10.8483L19.7532 9.86038C19.7532 9.86038 19.6997 9.93021 19.6061 10.043C19.3762 10.3187 18.9405 10.283 18.7606 9.97262L13 0.0488281L7.24152 9.97003C7.06264 10.2783 6.63 10.3166 6.39912 10.044C6.32008 9.95038 6.2686 9.88779 6.2686 9.88779L5.01696 10.8809C5.01696 10.8809 5.28944 11.244 5.77668 11.7318C5.94152 11.8962 5.97532 12.1502 5.85832 12.3514L0.052002 22.3564H11.6828C11.9678 22.3564 12.1992 22.5866 12.1992 22.87V23.9506H13.8003V22.87C13.8003 22.5866 14.0317 22.3564 14.3166 22.3564H25.948L20.1396 12.3493ZM12.1997 20.2502C12.1997 20.5337 11.9683 20.7638 11.6834 20.7638H3.71904C3.32176 20.7638 3.0732 20.3356 3.27184 19.9931L7.05588 13.4733C7.20096 13.2235 7.52284 13.1433 7.7714 13.2918C8.98196 14.0149 10.3381 14.4783 11.7463 14.6511C12.0047 14.6826 12.1992 14.9014 12.1992 15.1606V20.2502H12.1997ZM13 13.1381C11.415 13.1381 9.88936 12.713 8.554 11.9035C8.31324 11.7576 8.2316 11.4488 8.37252 11.2057L12.5528 4.00366C12.7514 3.66124 13.2486 3.66124 13.4472 4.00366L17.6275 11.2057C17.7684 11.4483 17.6868 11.7571 17.446 11.9035C16.1112 12.713 14.585 13.1381 13 13.1381ZM22.2804 20.7638H14.3166C14.0317 20.7638 13.8003 20.5337 13.8003 20.2502V15.1606C13.8003 14.9014 13.9942 14.6826 14.2532 14.6511C15.6614 14.4788 17.0175 14.0149 18.2281 13.2923C18.4766 13.1438 18.799 13.224 18.9436 13.4738L22.7276 19.9931C22.9263 20.3356 22.6777 20.7638 22.2804 20.7638Z\"\/>\n<\/svg>                <\/div>\n                                    <picture class=\"w-full illustration-image\"><img srcset=\"https:\/\/images.ohmyhosting.se\/dhL6ocRDW7M6gooIUrslXvjP2kE=\/200x200\/smart\/filters:quality(85)\/https%3A%2F%2Flaplandresorts.se%2F%2Fwp-content%2Fuploads%2Fsites%2F3%2F2026%2F01%2Foffpistguidning_75_700x700_ojpg_lg.jpg 200w, https:\/\/images.ohmyhosting.se\/P4jfLEc6Y3y2Vhz2Fg4xf5iPk-8=\/241x241\/smart\/filters:quality(85)\/https%3A%2F%2Flaplandresorts.se%2F%2Fwp-content%2Fuploads%2Fsites%2F3%2F2026%2F01%2Foffpistguidning_75_700x700_ojpg_lg.jpg 241w, https:\/\/images.ohmyhosting.se\/SYbqP7MThLwd1Q-GPMa_PEhrYjo=\/282x282\/smart\/filters:quality(85)\/https%3A%2F%2Flaplandresorts.se%2F%2Fwp-content%2Fuploads%2Fsites%2F3%2F2026%2F01%2Foffpistguidning_75_700x700_ojpg_lg.jpg 282w, https:\/\/images.ohmyhosting.se\/ybrQf2aSd6IlmZ_aW6a3W3rkxpI=\/323x323\/smart\/filters:quality(85)\/https%3A%2F%2Flaplandresorts.se%2F%2Fwp-content%2Fuploads%2Fsites%2F3%2F2026%2F01%2Foffpistguidning_75_700x700_ojpg_lg.jpg 323w, https:\/\/images.ohmyhosting.se\/KjK9qeB4SMwGIsckskVp-UKT0dQ=\/364x364\/smart\/filters:quality(85)\/https%3A%2F%2Flaplandresorts.se%2F%2Fwp-content%2Fuploads%2Fsites%2F3%2F2026%2F01%2Foffpistguidning_75_700x700_ojpg_lg.jpg 364w, https:\/\/images.ohmyhosting.se\/i-iYlNhsb3BwBbw1D33MAEGI-mA=\/400x400\/smart\/filters:quality(85)\/https%3A%2F%2Flaplandresorts.se%2F%2Fwp-content%2Fuploads%2Fsites%2F3%2F2026%2F01%2Foffpistguidning_75_700x700_ojpg_lg.jpg 400w, https:\/\/images.ohmyhosting.se\/WZeuFLdbuh1ztKEa9A2lhrhPBpU=\/405x405\/smart\/filters:quality(85)\/https%3A%2F%2Flaplandresorts.se%2F%2Fwp-content%2Fuploads%2Fsites%2F3%2F2026%2F01%2Foffpistguidning_75_700x700_ojpg_lg.jpg 405w, https:\/\/images.ohmyhosting.se\/xmyMevNl4-ZrrLv5HvGNnluC5qM=\/446x446\/smart\/filters:quality(85)\/https%3A%2F%2Flaplandresorts.se%2F%2Fwp-content%2Fuploads%2Fsites%2F3%2F2026%2F01%2Foffpistguidning_75_700x700_ojpg_lg.jpg 446w, https:\/\/images.ohmyhosting.se\/ncMhnp8qfqwyr1BJMhm5b-rkpSE=\/482x482\/smart\/filters:quality(85)\/https%3A%2F%2Flaplandresorts.se%2F%2Fwp-content%2Fuploads%2Fsites%2F3%2F2026%2F01%2Foffpistguidning_75_700x700_ojpg_lg.jpg 482w, https:\/\/images.ohmyhosting.se\/G-DCsV2ka3XL-xp-bDpzxWy4VsQ=\/487x487\/smart\/filters:quality(85)\/https%3A%2F%2Flaplandresorts.se%2F%2Fwp-content%2Fuploads%2Fsites%2F3%2F2026%2F01%2Foffpistguidning_75_700x700_ojpg_lg.jpg 487w, https:\/\/images.ohmyhosting.se\/JxSAn1iNCv4qOfF_BmaYw9wjOLk=\/528x528\/smart\/filters:quality(85)\/https%3A%2F%2Flaplandresorts.se%2F%2Fwp-content%2Fuploads%2Fsites%2F3%2F2026%2F01%2Foffpistguidning_75_700x700_ojpg_lg.jpg 528w, https:\/\/images.ohmyhosting.se\/vox0Aan3IWaDqiFwoLr1LabrACs=\/564x564\/smart\/filters:quality(85)\/https%3A%2F%2Flaplandresorts.se%2F%2Fwp-content%2Fuploads%2Fsites%2F3%2F2026%2F01%2Foffpistguidning_75_700x700_ojpg_lg.jpg 564w, https:\/\/images.ohmyhosting.se\/KH4fqmaMsU5jr1TYhPG3vSeBwZ4=\/569x569\/smart\/filters:quality(85)\/https%3A%2F%2Flaplandresorts.se%2F%2Fwp-content%2Fuploads%2Fsites%2F3%2F2026%2F01%2Foffpistguidning_75_700x700_ojpg_lg.jpg 569w, https:\/\/images.ohmyhosting.se\/JBmxUUTPYSsrKaf7KQ5hqsWyuTY=\/610x610\/smart\/filters:quality(85)\/https%3A%2F%2Flaplandresorts.se%2F%2Fwp-content%2Fuploads%2Fsites%2F3%2F2026%2F01%2Foffpistguidning_75_700x700_ojpg_lg.jpg 610w, https:\/\/images.ohmyhosting.se\/NOD9yhm3tKK6OwOKf0vOfjVZWPQ=\/646x646\/smart\/filters:quality(85)\/https%3A%2F%2Flaplandresorts.se%2F%2Fwp-content%2Fuploads%2Fsites%2F3%2F2026%2F01%2Foffpistguidning_75_700x700_ojpg_lg.jpg 646w, https:\/\/images.ohmyhosting.se\/ECkxG5BXLSpAUBdl4CR16310lIg=\/651x651\/smart\/filters:quality(85)\/https%3A%2F%2Flaplandresorts.se%2F%2Fwp-content%2Fuploads%2Fsites%2F3%2F2026%2F01%2Foffpistguidning_75_700x700_ojpg_lg.jpg 651w, https:\/\/images.ohmyhosting.se\/Uof6mqM1fwoQNQzHJHp2RfQ0Ng8=\/692x692\/smart\/filters:quality(85)\/https%3A%2F%2Flaplandresorts.se%2F%2Fwp-content%2Fuploads%2Fsites%2F3%2F2026%2F01%2Foffpistguidning_75_700x700_ojpg_lg.jpg 692w, https:\/\/images.ohmyhosting.se\/8C5DYY2U2C4n9pY0KT2aysDen9E=\/728x728\/smart\/filters:quality(85)\/https%3A%2F%2Flaplandresorts.se%2F%2Fwp-content%2Fuploads%2Fsites%2F3%2F2026%2F01%2Foffpistguidning_75_700x700_ojpg_lg.jpg 728w, https:\/\/images.ohmyhosting.se\/kg6A9mIwXgFrSY7MK8W1Bg-dZV4=\/733x733\/smart\/filters:quality(85)\/https%3A%2F%2Flaplandresorts.se%2F%2Fwp-content%2Fuploads%2Fsites%2F3%2F2026%2F01%2Foffpistguidning_75_700x700_ojpg_lg.jpg 733w, https:\/\/images.ohmyhosting.se\/InZOfVeu2blaPWGQZl7vOwnh1DE=\/774x774\/smart\/filters:quality(85)\/https%3A%2F%2Flaplandresorts.se%2F%2Fwp-content%2Fuploads%2Fsites%2F3%2F2026%2F01%2Foffpistguidning_75_700x700_ojpg_lg.jpg 774w, https:\/\/images.ohmyhosting.se\/I6Qf5qKkK9VSRtas6hqV-kVzxRo=\/797x797\/smart\/filters:quality(85)\/https%3A%2F%2Flaplandresorts.se%2F%2Fwp-content%2Fuploads%2Fsites%2F3%2F2026%2F01%2Foffpistguidning_75_700x700_ojpg_lg.jpg 797w, https:\/\/images.ohmyhosting.se\/n6lr4avCTLHbT9-EK9Lf_yYn2NE=\/810x810\/smart\/filters:quality(85)\/https%3A%2F%2Flaplandresorts.se%2F%2Fwp-content%2Fuploads%2Fsites%2F3%2F2026%2F01%2Foffpistguidning_75_700x700_ojpg_lg.jpg 810w, https:\/\/images.ohmyhosting.se\/TV4RShMJCOuwVYRp59VbPVnZqlI=\/892x892\/smart\/filters:quality(85)\/https%3A%2F%2Flaplandresorts.se%2F%2Fwp-content%2Fuploads%2Fsites%2F3%2F2026%2F01%2Foffpistguidning_75_700x700_ojpg_lg.jpg 892w, https:\/\/images.ohmyhosting.se\/4D-JJ_0wVFWYnF_wuynKoIfOssY=\/974x974\/smart\/filters:quality(85)\/https%3A%2F%2Flaplandresorts.se%2F%2Fwp-content%2Fuploads%2Fsites%2F3%2F2026%2F01%2Foffpistguidning_75_700x700_ojpg_lg.jpg 974w, https:\/\/images.ohmyhosting.se\/0s1CQdz6zSJgjI88N_Bm3vwSSm0=\/1056x1056\/smart\/filters:quality(85)\/https%3A%2F%2Flaplandresorts.se%2F%2Fwp-content%2Fuploads%2Fsites%2F3%2F2026%2F01%2Foffpistguidning_75_700x700_ojpg_lg.jpg 1056w, https:\/\/images.ohmyhosting.se\/deWBY1_STLyBBW_78YN5fOIVu4Y=\/1138x1138\/smart\/filters:quality(85)\/https%3A%2F%2Flaplandresorts.se%2F%2Fwp-content%2Fuploads%2Fsites%2F3%2F2026%2F01%2Foffpistguidning_75_700x700_ojpg_lg.jpg 1138w, https:\/\/images.ohmyhosting.se\/zLxZ-7dkWYCURcZIsaDmgclS12w=\/1220x1220\/smart\/filters:quality(85)\/https%3A%2F%2Flaplandresorts.se%2F%2Fwp-content%2Fuploads%2Fsites%2F3%2F2026%2F01%2Foffpistguidning_75_700x700_ojpg_lg.jpg 1220w, https:\/\/images.ohmyhosting.se\/Hgjau7Be8UsGcqR3XNZkUD0hOPM=\/1302x1302\/smart\/filters:quality(85)\/https%3A%2F%2Flaplandresorts.se%2F%2Fwp-content%2Fuploads%2Fsites%2F3%2F2026%2F01%2Foffpistguidning_75_700x700_ojpg_lg.jpg 1302w, https:\/\/images.ohmyhosting.se\/K7YjQSuPfNL4YDC1Rjq-ppGlYOE=\/1384x1384\/smart\/filters:quality(85)\/https%3A%2F%2Flaplandresorts.se%2F%2Fwp-content%2Fuploads%2Fsites%2F3%2F2026%2F01%2Foffpistguidning_75_700x700_ojpg_lg.jpg 1384w, https:\/\/images.ohmyhosting.se\/fEqsd7wPdLxZ63VcdigrnMfajZg=\/1466x1466\/smart\/filters:quality(85)\/https%3A%2F%2Flaplandresorts.se%2F%2Fwp-content%2Fuploads%2Fsites%2F3%2F2026%2F01%2Foffpistguidning_75_700x700_ojpg_lg.jpg 1466w, https:\/\/images.ohmyhosting.se\/XnAqp9iygq_iLs5y7EPObQqyfZg=\/1548x1548\/smart\/filters:quality(85)\/https%3A%2F%2Flaplandresorts.se%2F%2Fwp-content%2Fuploads%2Fsites%2F3%2F2026%2F01%2Foffpistguidning_75_700x700_ojpg_lg.jpg 1548w, https:\/\/images.ohmyhosting.se\/aV512ap8dqUuhiNjQ5XDDed_HIc=\/1594x1594\/smart\/filters:quality(85)\/https%3A%2F%2Flaplandresorts.se%2F%2Fwp-content%2Fuploads%2Fsites%2F3%2F2026%2F01%2Foffpistguidning_75_700x700_ojpg_lg.jpg 1594w\" alt=\"\" class=\"w-full cover-image lazyload\" height=\"797\" width=\"797\" data-src=\"https:\/\/images.ohmyhosting.se\/I6Qf5qKkK9VSRtas6hqV-kVzxRo=\/797x797\/smart\/filters:quality(85)\/https%3A%2F%2Flaplandresorts.se%2F%2Fwp-content%2Fuploads%2Fsites%2F3%2F2026%2F01%2Foffpistguidning_75_700x700_ojpg_lg.jpg\" loading=\"lazy\" \/><\/picture>\n                                    <\/div>\n        <div class=\"hero-subpage-column-content\">\n                        <div class=\"flex gap-x-2\"> <svg class=\"text-(--icon-brand) block size-4 shrink-0\" viewBox=\"0 0 16 16\" fill=\"currentColor\" aria-hidden=\"true\">\n    <path d=\"M15.68 6.87982H10.72C9.83681 6.87982 9.12001 6.16302 9.12001 5.27982V0.319824H6.88001V5.27982C6.88001 6.16302 6.16321 6.87982 5.28001 6.87982H0.320007V9.11982H5.28001C6.16321 9.11982 6.88001 9.83663 6.88001 10.7198V15.6798H9.12001V10.7198C9.12001 9.83663 9.83681 9.11982 10.72 9.11982H15.68V6.87982Z\"\/>\n<\/svg>\n                <p class=\"overline-text mb-3 lg:mb-4 text-black-1000\">Cookie-policy<\/p>\n            <\/div>\n                                    <h1 class=\"fluid-display-03 mb-5 max-w-[10em] text-black-1000\">How We Use Cookies<\/h1>\n                                <\/div>\n    <\/div>\n    <\/section>\n        \n\n<section  class=\"block-wrapper bg-(--background-brand-primary) color-scheme-light module-spacing-md-top module-spacing-md-bottom site-container\" data-block=\"text-section \">\n            <div class=\"content-container flex flex-col lg:items-center\">\n    <div class=\"w-full lg:max-w-[580px]\">\n            <\/div>\n        <div class=\"lg:max-w-[580px] w-full\">\n        <div class=\"wysiwyg md:max-w-[567px]\">\n            <p><strong>About this Cookie Policy<\/strong><\/p>\n<p>This policy explains how our company uses cookies and similar technologies on\u00a0<a href=\"http:\/\/www.bjorkliden.com\/\">www.bjorkliden.com<\/a>.\u00a0We use cookies to ensure the website functions properly, to improve the user experience, analyze traffic, and \u2014 in some cases \u2014 deliver relevant marketing. You can change or withdraw your consent at any time through our cookie banner or via your browser settings.<\/p>\n<p><strong>What Are Cookies?<\/strong><\/p>\n<p>Cookies are small text files stored on your device when you visit a website. They help us recognize your browser, remember your preferences, and understand how the website is used. They can also make the site load faster and retain information you have selected \u2014 such as a chosen date range \u2014 for the next step. There are several types of cookies:<\/p>\n<p><strong>Session cookies<\/strong>, which are deleted when you close your browser.<br \/>\n\u2013 Purpose: To keep track of information during a single website visit.<br \/>\n\u2013 Example: Remembering what you have added to a shopping cart.<br \/>\n\u2013 Duration: Deleted when you close your browser.<\/p>\n<p><strong>Persistent cookies,<\/strong>\u00a0which are stored for a certain period or until you delete them.<br \/>\n\u2013 Purpose: To save preferences and information for future visits.<br \/>\n\u2013 Example: Remembering your language choice, login details, or privacy settings.<br \/>\n\u2013 Duration: Stored on your device for a defined period (months or years).<\/p>\n<p><strong>First-party cookies,<\/strong>\u00a0which are set by our website.<br \/>\n\u2013 Purpose: To improve your experience on the specific website you are visiting.<br \/>\n\u2013 Example: Saving preferences, keeping you logged in, or analyzing site usage.<br \/>\n\u2013 Source: Created directly by the website you visit.<\/p>\n<p><strong>Third-party cookies,<\/strong>\u00a0which are set by external services (e.g., Google or Meta).<br \/>\n\u2013\u00a0Purpose: To track your activity across multiple websites, usually for advertising purposes.<br \/>\n\u2013 Example: After searching for a pair of shoes, you may see ads for similar shoes on other websites.<br \/>\n\u2013 Source: Created by external companies such as advertising networks or analytics providers embedded in the site you are visiting.<\/p>\n<p><strong>Our Cookies and What They Do<\/strong><\/p>\n<p>The current list of cookies and their purposes is automatically updated through our cookie scanner below.<br \/>\nThere, you can see which cookies are used, who places them, and how long they are stored.<\/p>\n<table width=\"729\">\n<tbody>\n<tr>\n<td width=\"64\">Cookie<\/td>\n<td width=\"64\">Beskrivning<\/td>\n<td width=\"64\">Sparas<\/td>\n<td width=\"64\">Typ<\/td>\n<\/tr>\n<tr>\n<td width=\"64\">_ga<\/td>\n<td width=\"64\">Google Analytics<\/td>\n<td width=\"64\">400 dagar<\/td>\n<td width=\"64\">Analys<\/td>\n<\/tr>\n<tr>\n<td width=\"64\">_ga_94D3LKCEHC (id:t som finns I namnet \u00e5tergenereras, cookien heter inte alltid samma sak)<\/td>\n<td width=\"64\">Google Analytics<\/td>\n<td width=\"64\">400 dagar<\/td>\n<td width=\"64\">Analys<\/td>\n<\/tr>\n<tr>\n<td width=\"64\">_gcl_au<\/td>\n<td width=\"64\">Google Ads<\/td>\n<td width=\"64\">90 dagar<\/td>\n<td width=\"64\">Marknadsf\u00f6ring<\/td>\n<\/tr>\n<tr>\n<td width=\"64\">_fbp<\/td>\n<td width=\"64\">Facebook-pixel<\/td>\n<td width=\"64\">90 dagar<\/td>\n<td width=\"64\">Analys, Marknadsf\u00f6ring<\/td>\n<\/tr>\n<tr>\n<td width=\"64\">cc_pref_analytics_storage<\/td>\n<td width=\"64\">Cookieinst\u00e4llningar<\/td>\n<td width=\"64\">1 \u00e5r<\/td>\n<td width=\"64\">N\u00f6dv\u00e4ndig<\/td>\n<\/tr>\n<tr>\n<td width=\"64\">cc_pref_ad_storage<\/td>\n<td width=\"64\">Cookieinst\u00e4llningar<\/td>\n<td width=\"64\">1 \u00e5r<\/td>\n<td width=\"64\">N\u00f6dv\u00e4ndig<\/td>\n<\/tr>\n<tr>\n<td width=\"64\">cc_pref_marketing<\/td>\n<td width=\"64\">Cookieinst\u00e4llningar<\/td>\n<td width=\"64\">1 \u00e5r<\/td>\n<td width=\"64\">N\u00f6dv\u00e4ndig<\/td>\n<\/tr>\n<tr>\n<td width=\"64\">cc_pref_tracking<\/td>\n<td width=\"64\">Cookieinst\u00e4llningar<\/td>\n<td width=\"64\">1 \u00e5r<\/td>\n<td width=\"64\">N\u00f6dv\u00e4ndig<\/td>\n<\/tr>\n<tr>\n<td width=\"64\">cc_pref_functional<\/td>\n<td width=\"64\">Cookieinst\u00e4llningar<\/td>\n<td width=\"64\">1 \u00e5r<\/td>\n<td width=\"64\">N\u00f6dv\u00e4ndig<\/td>\n<\/tr>\n<tr>\n<td width=\"64\">cc_pref_necessary<\/td>\n<td width=\"64\">Cookieinst\u00e4llningar<\/td>\n<td width=\"64\">1 \u00e5r<\/td>\n<td width=\"64\">N\u00f6dv\u00e4ndig<\/td>\n<\/tr>\n<tr>\n<td width=\"64\">cm_pref<\/td>\n<td width=\"64\">Cookieinst\u00e4llningar<\/td>\n<td width=\"64\">1 \u00e5r<\/td>\n<td width=\"64\">N\u00f6dv\u00e4ndig<\/td>\n<\/tr>\n<tr>\n<td width=\"64\">cc_pref_personalization_storage<\/td>\n<td width=\"64\">Cookieinst\u00e4llningar<\/td>\n<td width=\"64\">1 \u00e5r<\/td>\n<td width=\"64\">N\u00f6dv\u00e4ndig<\/td>\n<\/tr>\n<tr>\n<td width=\"64\">cc_pref_security_storage<\/td>\n<td width=\"64\">Cookieinst\u00e4llningar<\/td>\n<td width=\"64\">1 \u00e5r<\/td>\n<td width=\"64\">N\u00f6dv\u00e4ndig<\/td>\n<\/tr>\n<tr>\n<td width=\"64\">cc_pref_functionality_storage<\/td>\n<td width=\"64\">Cookieinst\u00e4llningar<\/td>\n<td width=\"64\">1 \u00e5r<\/td>\n<td width=\"64\">N\u00f6dv\u00e4ndig<\/td>\n<\/tr>\n<tr>\n<td width=\"64\">cc_pref_ad_personalization<\/td>\n<td width=\"64\">Cookieinst\u00e4llningar<\/td>\n<td width=\"64\">1 \u00e5r<\/td>\n<td width=\"64\">N\u00f6dv\u00e4ndig<\/td>\n<\/tr>\n<tr>\n<td width=\"64\">cc_pref_ad_user_data<\/td>\n<td width=\"64\">Cookieinst\u00e4llningar<\/td>\n<td width=\"64\">1 \u00e5r<\/td>\n<td width=\"64\">N\u00f6dv\u00e4ndig<\/td>\n<\/tr>\n<tr>\n<td width=\"64\">vuid<\/td>\n<td width=\"64\">Vimeo<\/td>\n<td width=\"64\">400 dagar<\/td>\n<td width=\"64\">Analys<\/td>\n<\/tr>\n<tr>\n<td width=\"64\">__cf_bm<\/td>\n<td width=\"64\">Cloudflare<\/td>\n<td width=\"64\">1 timme<\/td>\n<td width=\"64\">N\u00f6dv\u00e4ndig<\/td>\n<\/tr>\n<tr>\n<td width=\"64\">_cfuvid<\/td>\n<td width=\"64\">Cloudflare<\/td>\n<td width=\"64\">Session<\/td>\n<td width=\"64\">N\u00f6dv\u00e4ndig<\/td>\n<\/tr>\n<tr>\n<td width=\"64\"><\/td>\n<td width=\"64\"><\/td>\n<td width=\"64\"><\/td>\n<td width=\"64\"><\/td>\n<\/tr>\n<tr>\n<td width=\"64\">BookingUserSessionV1<\/td>\n<td width=\"64\">Bookvisit<\/td>\n<td width=\"64\">Session<\/td>\n<td width=\"64\">N\u00f6dv\u00e4ndig<\/td>\n<\/tr>\n<tr>\n<td width=\"64\">ASP.NET_SessionId<\/td>\n<td width=\"64\">Bookvisit<\/td>\n<td width=\"64\">Session<\/td>\n<td width=\"64\">N\u00f6dv\u00e4ndig<\/td>\n<\/tr>\n<tr>\n<td width=\"64\">bv_jwt<\/td>\n<td width=\"64\">Bookvisit<\/td>\n<td width=\"64\">Session<\/td>\n<td width=\"64\">N\u00f6dv\u00e4ndig<\/td>\n<\/tr>\n<tr>\n<td width=\"64\">ca-bookvisit-ibe<\/td>\n<td width=\"64\">Bookvisit<\/td>\n<td width=\"64\">Session<\/td>\n<td width=\"64\">N\u00f6dv\u00e4ndig<\/td>\n<\/tr>\n<\/tbody>\n<\/table>\n<p><strong>Consent and Control<\/strong><\/p>\n<p>When you visit our website for the first time, a cookie banner will appear where you can:<br \/>\n\u2013 Accept all cookies,<br \/>\n\u2013 Accept only necessary cookies, or<br \/>\n\u2013 Customize your choices.<br \/>\nNon-essential cookies (e.g., for analytics or marketing) are placed only after you have given your consent via our cookie banner.<br \/>\nYou can change or withdraw your consent at any time via the footer link at the bottom of the page (\u201cManage cookies\u201d).If you wish to delete cookies manually, you can do so via your browser\u2019s history or privacy settings.<br \/>\n<strong>Third Parties and Data Transfers<\/strong><\/p>\n<p>Some cookies may be placed by third-party providers to measure traffic, analyze behavior, or display targeted advertising.<br \/>\nIn certain cases, these providers may transfer data to countries outside the EU\/EEA. We ensure that appropriate safeguards are in place in accordance with the GDPR.<br \/>\nExamples of third-party providers we may use:<br \/>\n\u2013 Google LLC (Analytics, Ads)<br \/>\n\u2013 Meta Platforms Inc. (Facebook, Instagram)<br \/>\n\u2013 YouTube LLC<\/p>\n<p><strong>Personal Data<\/strong><\/p>\n<p>Some cookies may involve the processing of personal data, such as IP addresses or unique identifiers. Such processing is carried out in accordance with our Privacy Policy and based on consent under Article 6(1)(a) of the GDPR.<\/p>\n<p><strong>Contact Information<\/strong><\/p>\n<p>If you have any questions about our use of cookies, please contact us:<br \/>\nLapland Resorts AB<br \/>\n<strong>Address:<\/strong>\u00a0Bj\u00f6rklidenv\u00e4gen 70, 981 93 Bj\u00f6rkliden, Sweden<br \/>\n<strong>Organization number:<\/strong>\u00a0556787-5611<br \/>\n<strong>Email:<\/strong>\u00a0<a href=\"mailto:marknad@laplandresorts.se\">marknad@laplandresorts.se<\/a><\/p>\n<p><strong>Changes to This Policy<\/strong><\/p>\n<p>We may update this Cookie Policy as needed.<br \/>\nThe latest version is always available at\u00a0<a href=\"http:\/\/www.laplandresorts.se\/cookiepolicy\">www.laplandresorts.se\/cookiepolicy<\/a>.<\/p>\n\n        <\/div>\n    <\/div>\n      <\/div>\n    <\/section>\n","protected":false},"excerpt":{"rendered":"","protected":false},"author":1,"featured_media":0,"parent":0,"menu_order":0,"comment_status":"closed","ping_status":"closed","template":"","meta":{"_acf_changed":false,"_relevanssi_hide_post":"","_relevanssi_hide_content":"","_relevanssi_pin_for_all":"","_relevanssi_pin_keywords":"","_relevanssi_unpin_keywords":"","_relevanssi_related_keywords":"","_relevanssi_related_include_ids":"","_relevanssi_related_exclude_ids":"","_relevanssi_related_no_append":"","_relevanssi_related_not_related":"","_relevanssi_related_posts":"","_relevanssi_noindex_reason":"","footnotes":""},"class_list":["post-77","page","type-page","status-publish","hentry"],"acf":[],"_links":{"self":[{"href":"https:\/\/riksgransen.se\/en\/wp-json\/wp\/v2\/pages\/77","targetHints":{"allow":["GET"]}}],"collection":[{"href":"https:\/\/riksgransen.se\/en\/wp-json\/wp\/v2\/pages"}],"about":[{"href":"https:\/\/riksgransen.se\/en\/wp-json\/wp\/v2\/types\/page"}],"author":[{"embeddable":true,"href":"https:\/\/riksgransen.se\/en\/wp-json\/wp\/v2\/users\/1"}],"replies":[{"embeddable":true,"href":"https:\/\/riksgransen.se\/en\/wp-json\/wp\/v2\/comments?post=77"}],"version-history":[{"count":1,"href":"https:\/\/riksgransen.se\/en\/wp-json\/wp\/v2\/pages\/77\/revisions"}],"predecessor-version":[{"id":9348,"href":"https:\/\/riksgransen.se\/en\/wp-json\/wp\/v2\/pages\/77\/revisions\/9348"}],"wp:attachment":[{"href":"https:\/\/riksgransen.se\/en\/wp-json\/wp\/v2\/media?parent=77"}],"curies":[{"name":"wp","href":"https:\/\/api.w.org\/{rel}","templated":true}]}}