{"id":11181,"date":"2026-03-30T18:07:07","date_gmt":"2026-03-30T16:07:07","guid":{"rendered":"https:\/\/riksgransen.se\/?page_id=11181"},"modified":"2026-03-31T16:41:44","modified_gmt":"2026-03-31T14:41:44","slug":"mene-pablbu","status":"publish","type":"page","link":"https:\/\/riksgransen.se\/en\/experiences\/food-fun\/restaurants\/lapplandia-restaurant\/mene-pablbu\/","title":{"rendered":"Easter Buffet Menu"},"content":{"rendered":"<section  class=\"acf-hero-subpage-block variant-columns block-wrapper bg-(--background-brand-primary) color-scheme-light module-spacing-md-top module-spacing-md-bottom\" data-block=\"hero-subpage-columns \">\n            <div class=\"hero-subpage-columns content-container relative image-right has-illustration\">\n                    <nav aria-label=\"Breadcrumb\" class=\"hero-breadcrumbs-column\"><ol><\/ol><\/nav><style>nav.hero-breadcrumbs-column ol{display:inline;list-style:none;margin-inline-start:0}nav.hero-breadcrumbs-column ol li{display:inline}nav.hero-breadcrumbs-column ol li:not(:last-child)::after{content:'|';margin-inline-end:1ch;margin-inline-start:1ch}<\/style>                <div class=\"hero-subpage-column-image\">\n                                        <div class=\"illustration-wrapper\">\n                    <div class=\"hero-columns-illustration-bg absolute top-14 md:top-24 lg:top-8 xl:top-12 2xl:top-20 bottom-0 left-0 w-full max-w-240 overflow-hidden\">\n    <svg class=\"block w-full h-auto stroke-(--text-primary)\" viewBox=\"0 0 797 797\">\n        <defs>\n            <pattern id=\"HeroColumnPattern\" x=\"0\" y=\"-.08\" width=\".077\" height=\"0.077\">\n                <path d=\"M30.2 25.8v9M25.8 30.2h9\" stroke-width=\"1\"\/>\n            <\/pattern>\n        <\/defs>\n        <rect fill=\"url(#HeroColumnPattern)\" width=\"797\" height=\"797\" stroke=\"none\"\/>\n    <\/svg>\n<\/div>\n<svg class=\"hero-columns-illustration-fg absolute size-17.25! md:size-27! xl:size-32.5! z-10 fill-(--icon-brand) block w-full h-full\" viewBox=\"0 0 26 24\" fill=\"currentColor\">\n    <path d=\"M20.1396 12.3493C20.0242 12.1502 20.0559 11.8988 20.2171 11.7343C20.6476 11.2947 21.0085 10.8483 21.0085 10.8483L19.7532 9.86038C19.7532 9.86038 19.6997 9.93021 19.6061 10.043C19.3762 10.3187 18.9405 10.283 18.7606 9.97262L13 0.0488281L7.24152 9.97003C7.06264 10.2783 6.63 10.3166 6.39912 10.044C6.32008 9.95038 6.2686 9.88779 6.2686 9.88779L5.01696 10.8809C5.01696 10.8809 5.28944 11.244 5.77668 11.7318C5.94152 11.8962 5.97532 12.1502 5.85832 12.3514L0.052002 22.3564H11.6828C11.9678 22.3564 12.1992 22.5866 12.1992 22.87V23.9506H13.8003V22.87C13.8003 22.5866 14.0317 22.3564 14.3166 22.3564H25.948L20.1396 12.3493ZM12.1997 20.2502C12.1997 20.5337 11.9683 20.7638 11.6834 20.7638H3.71904C3.32176 20.7638 3.0732 20.3356 3.27184 19.9931L7.05588 13.4733C7.20096 13.2235 7.52284 13.1433 7.7714 13.2918C8.98196 14.0149 10.3381 14.4783 11.7463 14.6511C12.0047 14.6826 12.1992 14.9014 12.1992 15.1606V20.2502H12.1997ZM13 13.1381C11.415 13.1381 9.88936 12.713 8.554 11.9035C8.31324 11.7576 8.2316 11.4488 8.37252 11.2057L12.5528 4.00366C12.7514 3.66124 13.2486 3.66124 13.4472 4.00366L17.6275 11.2057C17.7684 11.4483 17.6868 11.7571 17.446 11.9035C16.1112 12.713 14.585 13.1381 13 13.1381ZM22.2804 20.7638H14.3166C14.0317 20.7638 13.8003 20.5337 13.8003 20.2502V15.1606C13.8003 14.9014 13.9942 14.6826 14.2532 14.6511C15.6614 14.4788 17.0175 14.0149 18.2281 13.2923C18.4766 13.1438 18.799 13.224 18.9436 13.4738L22.7276 19.9931C22.9263 20.3356 22.6777 20.7638 22.2804 20.7638Z\"\/>\n<\/svg>                <\/div>\n                                    <picture class=\"w-full illustration-image\"><img srcset=\"https:\/\/images.ohmyhosting.se\/SjJ-59JFAVcgI-X3WVOLs5EFWa4=\/200x200\/smart\/filters:quality(85)\/https%3A%2F%2Flaplandresorts.se%2F%2Fwp-content%2Fuploads%2Fsites%2F3%2F2026%2F03%2F2025-vinter-restaurang-lapporten-servis-emmasvensson.jpg 200w, https:\/\/images.ohmyhosting.se\/A_Ns61XMiAp7JVzUKPN9KOfrmL4=\/241x241\/smart\/filters:quality(85)\/https%3A%2F%2Flaplandresorts.se%2F%2Fwp-content%2Fuploads%2Fsites%2F3%2F2026%2F03%2F2025-vinter-restaurang-lapporten-servis-emmasvensson.jpg 241w, https:\/\/images.ohmyhosting.se\/asIKHie9gniATW4Zyu8Z92SCJAE=\/282x282\/smart\/filters:quality(85)\/https%3A%2F%2Flaplandresorts.se%2F%2Fwp-content%2Fuploads%2Fsites%2F3%2F2026%2F03%2F2025-vinter-restaurang-lapporten-servis-emmasvensson.jpg 282w, https:\/\/images.ohmyhosting.se\/X2VVMTC4vqsTQPHPGe_JBBiKy4Q=\/323x323\/smart\/filters:quality(85)\/https%3A%2F%2Flaplandresorts.se%2F%2Fwp-content%2Fuploads%2Fsites%2F3%2F2026%2F03%2F2025-vinter-restaurang-lapporten-servis-emmasvensson.jpg 323w, https:\/\/images.ohmyhosting.se\/lySNqV4GuTjIOKJm0t7zlVbXXNk=\/364x364\/smart\/filters:quality(85)\/https%3A%2F%2Flaplandresorts.se%2F%2Fwp-content%2Fuploads%2Fsites%2F3%2F2026%2F03%2F2025-vinter-restaurang-lapporten-servis-emmasvensson.jpg 364w, https:\/\/images.ohmyhosting.se\/J6or5joDyGHAvlw26pz3d719PeM=\/400x400\/smart\/filters:quality(85)\/https%3A%2F%2Flaplandresorts.se%2F%2Fwp-content%2Fuploads%2Fsites%2F3%2F2026%2F03%2F2025-vinter-restaurang-lapporten-servis-emmasvensson.jpg 400w, https:\/\/images.ohmyhosting.se\/4UixjlWJrUTWsDAyKB4tbHPyKtI=\/405x405\/smart\/filters:quality(85)\/https%3A%2F%2Flaplandresorts.se%2F%2Fwp-content%2Fuploads%2Fsites%2F3%2F2026%2F03%2F2025-vinter-restaurang-lapporten-servis-emmasvensson.jpg 405w, https:\/\/images.ohmyhosting.se\/g9gy8TY9Q93fa2w1IrQ1LHZxLu0=\/446x446\/smart\/filters:quality(85)\/https%3A%2F%2Flaplandresorts.se%2F%2Fwp-content%2Fuploads%2Fsites%2F3%2F2026%2F03%2F2025-vinter-restaurang-lapporten-servis-emmasvensson.jpg 446w, https:\/\/images.ohmyhosting.se\/8sZZFAaa80KxLwZdW0DhN6Bip8g=\/482x482\/smart\/filters:quality(85)\/https%3A%2F%2Flaplandresorts.se%2F%2Fwp-content%2Fuploads%2Fsites%2F3%2F2026%2F03%2F2025-vinter-restaurang-lapporten-servis-emmasvensson.jpg 482w, https:\/\/images.ohmyhosting.se\/IIDRsSH2V9Y_YKg-gt7BFpXZiqE=\/487x487\/smart\/filters:quality(85)\/https%3A%2F%2Flaplandresorts.se%2F%2Fwp-content%2Fuploads%2Fsites%2F3%2F2026%2F03%2F2025-vinter-restaurang-lapporten-servis-emmasvensson.jpg 487w, https:\/\/images.ohmyhosting.se\/u6ze2F3NyFJxwnVrrZIAZ9hinSE=\/528x528\/smart\/filters:quality(85)\/https%3A%2F%2Flaplandresorts.se%2F%2Fwp-content%2Fuploads%2Fsites%2F3%2F2026%2F03%2F2025-vinter-restaurang-lapporten-servis-emmasvensson.jpg 528w, https:\/\/images.ohmyhosting.se\/omMdRiBJ7hzCsxtywMkWld6-S4E=\/564x564\/smart\/filters:quality(85)\/https%3A%2F%2Flaplandresorts.se%2F%2Fwp-content%2Fuploads%2Fsites%2F3%2F2026%2F03%2F2025-vinter-restaurang-lapporten-servis-emmasvensson.jpg 564w, https:\/\/images.ohmyhosting.se\/3yxOUrsdclByW6L-0GfpsvUHFhs=\/569x569\/smart\/filters:quality(85)\/https%3A%2F%2Flaplandresorts.se%2F%2Fwp-content%2Fuploads%2Fsites%2F3%2F2026%2F03%2F2025-vinter-restaurang-lapporten-servis-emmasvensson.jpg 569w, https:\/\/images.ohmyhosting.se\/eGzW__iB-2PpOlEiGVR8FZgUcXw=\/610x610\/smart\/filters:quality(85)\/https%3A%2F%2Flaplandresorts.se%2F%2Fwp-content%2Fuploads%2Fsites%2F3%2F2026%2F03%2F2025-vinter-restaurang-lapporten-servis-emmasvensson.jpg 610w, https:\/\/images.ohmyhosting.se\/6744wTNu825oMt4J8vA4mxxPYCY=\/646x646\/smart\/filters:quality(85)\/https%3A%2F%2Flaplandresorts.se%2F%2Fwp-content%2Fuploads%2Fsites%2F3%2F2026%2F03%2F2025-vinter-restaurang-lapporten-servis-emmasvensson.jpg 646w, https:\/\/images.ohmyhosting.se\/ug3vIks1F3fjWu7xze3xXDDvbUQ=\/651x651\/smart\/filters:quality(85)\/https%3A%2F%2Flaplandresorts.se%2F%2Fwp-content%2Fuploads%2Fsites%2F3%2F2026%2F03%2F2025-vinter-restaurang-lapporten-servis-emmasvensson.jpg 651w, https:\/\/images.ohmyhosting.se\/FxEwIl9ukP3Ogcgk94s1hamt3nQ=\/692x692\/smart\/filters:quality(85)\/https%3A%2F%2Flaplandresorts.se%2F%2Fwp-content%2Fuploads%2Fsites%2F3%2F2026%2F03%2F2025-vinter-restaurang-lapporten-servis-emmasvensson.jpg 692w, https:\/\/images.ohmyhosting.se\/tZSSpxd3ZPYedjB2LEK3fvxrmKc=\/728x728\/smart\/filters:quality(85)\/https%3A%2F%2Flaplandresorts.se%2F%2Fwp-content%2Fuploads%2Fsites%2F3%2F2026%2F03%2F2025-vinter-restaurang-lapporten-servis-emmasvensson.jpg 728w, https:\/\/images.ohmyhosting.se\/aRetixMB2riFOGLYDWaAAYas3pA=\/733x733\/smart\/filters:quality(85)\/https%3A%2F%2Flaplandresorts.se%2F%2Fwp-content%2Fuploads%2Fsites%2F3%2F2026%2F03%2F2025-vinter-restaurang-lapporten-servis-emmasvensson.jpg 733w, https:\/\/images.ohmyhosting.se\/H6nwshI-nOl3aJ8gzcUCmRE6tA4=\/774x774\/smart\/filters:quality(85)\/https%3A%2F%2Flaplandresorts.se%2F%2Fwp-content%2Fuploads%2Fsites%2F3%2F2026%2F03%2F2025-vinter-restaurang-lapporten-servis-emmasvensson.jpg 774w, https:\/\/images.ohmyhosting.se\/Zyj7ErScxnhJncUJ8IBeE1f6RP0=\/797x797\/smart\/filters:quality(85)\/https%3A%2F%2Flaplandresorts.se%2F%2Fwp-content%2Fuploads%2Fsites%2F3%2F2026%2F03%2F2025-vinter-restaurang-lapporten-servis-emmasvensson.jpg 797w, https:\/\/images.ohmyhosting.se\/D-rUuKy-KkH1Y6PVKOVwPIz6sV0=\/810x810\/smart\/filters:quality(85)\/https%3A%2F%2Flaplandresorts.se%2F%2Fwp-content%2Fuploads%2Fsites%2F3%2F2026%2F03%2F2025-vinter-restaurang-lapporten-servis-emmasvensson.jpg 810w, https:\/\/images.ohmyhosting.se\/E5fvCy3Fo7I8UaVol9eVzk0v6cI=\/892x892\/smart\/filters:quality(85)\/https%3A%2F%2Flaplandresorts.se%2F%2Fwp-content%2Fuploads%2Fsites%2F3%2F2026%2F03%2F2025-vinter-restaurang-lapporten-servis-emmasvensson.jpg 892w, https:\/\/images.ohmyhosting.se\/hUUk8qP4n8eUgh4WSrTzRDRJo_U=\/974x974\/smart\/filters:quality(85)\/https%3A%2F%2Flaplandresorts.se%2F%2Fwp-content%2Fuploads%2Fsites%2F3%2F2026%2F03%2F2025-vinter-restaurang-lapporten-servis-emmasvensson.jpg 974w, https:\/\/images.ohmyhosting.se\/8PblAcaIiAnq-obfwLUrYTIhe08=\/1056x1056\/smart\/filters:quality(85)\/https%3A%2F%2Flaplandresorts.se%2F%2Fwp-content%2Fuploads%2Fsites%2F3%2F2026%2F03%2F2025-vinter-restaurang-lapporten-servis-emmasvensson.jpg 1056w, https:\/\/images.ohmyhosting.se\/ncO2HwZZEPNSt76aXuG4J8fFvNE=\/1138x1138\/smart\/filters:quality(85)\/https%3A%2F%2Flaplandresorts.se%2F%2Fwp-content%2Fuploads%2Fsites%2F3%2F2026%2F03%2F2025-vinter-restaurang-lapporten-servis-emmasvensson.jpg 1138w, https:\/\/images.ohmyhosting.se\/kk69mfW22AC7F073X4KR-1gB1wc=\/1220x1220\/smart\/filters:quality(85)\/https%3A%2F%2Flaplandresorts.se%2F%2Fwp-content%2Fuploads%2Fsites%2F3%2F2026%2F03%2F2025-vinter-restaurang-lapporten-servis-emmasvensson.jpg 1220w, https:\/\/images.ohmyhosting.se\/eMYu8K49LmTytA16NpuZBoHr_HQ=\/1302x1302\/smart\/filters:quality(85)\/https%3A%2F%2Flaplandresorts.se%2F%2Fwp-content%2Fuploads%2Fsites%2F3%2F2026%2F03%2F2025-vinter-restaurang-lapporten-servis-emmasvensson.jpg 1302w, https:\/\/images.ohmyhosting.se\/q0gNXTTD7tBuJbvqDXMwoWQ2g_U=\/1384x1384\/smart\/filters:quality(85)\/https%3A%2F%2Flaplandresorts.se%2F%2Fwp-content%2Fuploads%2Fsites%2F3%2F2026%2F03%2F2025-vinter-restaurang-lapporten-servis-emmasvensson.jpg 1384w, https:\/\/images.ohmyhosting.se\/x-CptnIZzw_DfnRK5YmDYxuL8GM=\/1466x1466\/smart\/filters:quality(85)\/https%3A%2F%2Flaplandresorts.se%2F%2Fwp-content%2Fuploads%2Fsites%2F3%2F2026%2F03%2F2025-vinter-restaurang-lapporten-servis-emmasvensson.jpg 1466w, https:\/\/images.ohmyhosting.se\/NUYMkop-x7vLOLsReHxO-OIX1wE=\/1548x1548\/smart\/filters:quality(85)\/https%3A%2F%2Flaplandresorts.se%2F%2Fwp-content%2Fuploads%2Fsites%2F3%2F2026%2F03%2F2025-vinter-restaurang-lapporten-servis-emmasvensson.jpg 1548w, https:\/\/images.ohmyhosting.se\/IlwtDWR12JyVdQh1WuP9YBTWtYY=\/1594x1594\/smart\/filters:quality(85)\/https%3A%2F%2Flaplandresorts.se%2F%2Fwp-content%2Fuploads%2Fsites%2F3%2F2026%2F03%2F2025-vinter-restaurang-lapporten-servis-emmasvensson.jpg 1594w\" alt=\"\" class=\"w-full cover-image lazyload\" height=\"797\" width=\"797\" data-src=\"https:\/\/images.ohmyhosting.se\/Zyj7ErScxnhJncUJ8IBeE1f6RP0=\/797x797\/smart\/filters:quality(85)\/https%3A%2F%2Flaplandresorts.se%2F%2Fwp-content%2Fuploads%2Fsites%2F3%2F2026%2F03%2F2025-vinter-restaurang-lapporten-servis-emmasvensson.jpg\" loading=\"lazy\" \/><\/picture>\n                                    <\/div>\n        <div class=\"hero-subpage-column-content\">\n                        <div class=\"flex gap-x-2\"> <svg class=\"text-(--icon-brand) block size-4 shrink-0\" viewBox=\"0 0 16 16\" fill=\"currentColor\" aria-hidden=\"true\">\n    <path d=\"M15.68 6.87982H10.72C9.83681 6.87982 9.12001 6.16302 9.12001 5.27982V0.319824H6.88001V5.27982C6.88001 6.16302 6.16321 6.87982 5.28001 6.87982H0.320007V9.11982H5.28001C6.16321 9.11982 6.88001 9.83663 6.88001 10.7198V15.6798H9.12001V10.7198C9.12001 9.83663 9.83681 9.11982 10.72 9.11982H15.68V6.87982Z\"\/>\n<\/svg>\n                <p class=\"overline-text mb-3 lg:mb-4 text-black-1000\">P\u00e5skafton 4 april<\/p>\n            <\/div>\n                                    <h1 class=\"fluid-display-03 mb-5 max-w-[10em] text-black-1000\">P\u00e5skbuff\u00e9 f\u00f6r stora och sm\u00e5<\/h1>\n                                    <a href=\"https:\/\/booking.caspeco.net\/se_lapres\/14\"  target=\"_blank\"                 class=\"button button-primary label-02 px-5 py-[10px] self-start\">\n                Boka bord\n                    <svg class=\"ml-2 fill-(--icon-brand) text-(--icon-brand) size-5! block size-4 shrink-0\" viewBox=\"0 0 16 16\" fill=\"currentColor\" aria-hidden=\"true\">\n    <path d=\"M7.05953 1.6991L10.2115 5.2863C10.7555 5.9071 10.3171 6.87989 9.49153 6.87989H0.320312V9.11989H9.49153C10.3171 9.11989 10.7587 10.0927 10.2115 10.7135L7.05953 14.2975L8.74273 15.7791L15.5811 7.99989L8.74273 0.220703L7.05953 1.6991Z\"\/>\n<\/svg>\n            <\/a>\n                    <\/div>\n    <\/div>\n    <\/section>\n        \n\n<section  class=\"block-wrapper bg-(--background-brand-primary) color-scheme-dark module-spacing-md-top module-spacing-md-bottom site-container\" data-block=\"text-cta-section \">\n            <div class=\"flex flex-col text-(--text-primary) content-container\">\n    \n    <div class=\"flex flex-col lg:gap-x-6 xl:gap-x-7 lg:grid lg:grid-cols-2\">\n\n      \n        <div class=\"max-md:max-w-[632px]\">\n                        <h2 class=\"fluid-heading-07 mb-10 md:mb-15\">Priser<\/h2>\n                  <\/div>\n\n      \n        <div class=\"max-w-[549px] lg:max-w-[580px] lg:flex lg:flex-col self-end lg:self-start lg:justify-self-end\">\n\n                            <div class=\"wysiwyg\">\n                    <h3>690 kr\/vuxen<\/h3>\n<h3>175 kr\/barn (5-12 \u00e5r)<\/h3>\n<h4>Barn under 5 \u00e5r \u00e4ter gratis<\/h4>\n\n                <\/div>\n            \n                    <\/div>\n    <\/div>\n  <\/div>\n    <\/section>\n\n\n<section  class=\"block-wrapper bg-(--background) color-scheme-light module-spacing-md-top module-spacing-md-bottom site-container\" data-block=\"text-section \">\n            <div class=\"content-container flex flex-col lg:items-center\">\n    <div class=\"w-full lg:max-w-[580px]\">\n                    <h2 class=\"fluid-heading-05 mb-6 text-(--text-primary)\">Kallt<\/h2>\n            <\/div>\n        <div class=\"lg:max-w-[580px] w-full\">\n        <div class=\"wysiwyg md:max-w-[567px]\">\n            <p>3 sorters sill<\/p>\n<p>R\u00f6kt lax<\/p>\n<p>Gravad lax<\/p>\n<p>Benfri r\u00f6kt lammfiol<\/p>\n<p>Sparris &amp; spenatsallad<\/p>\n<p>\u00c4gghalvor med r\u00e4kor och sikrom<\/p>\n<p>Crudite p\u00e5 betor<\/p>\n<p>V\u00e4sterbottenpaj<\/p>\n\n        <\/div>\n    <\/div>\n      <\/div>\n    <\/section>\n\n\n<section  class=\"block-wrapper bg-(--background) color-scheme-light module-spacing-md-top module-spacing-md-bottom site-container\" data-block=\"text-section \">\n            <div class=\"content-container flex flex-col lg:items-center\">\n    <div class=\"w-full lg:max-w-[580px]\">\n                    <h2 class=\"fluid-heading-05 mb-6 text-(--text-primary)\">Varmt<\/h2>\n            <\/div>\n        <div class=\"lg:max-w-[580px] w-full\">\n        <div class=\"wysiwyg md:max-w-[567px]\">\n            <p>Kokt potatis<\/p>\n<p>Prinskorv<\/p>\n<p>K\u00f6ttbullar<\/p>\n<p>Lammstek<\/p>\n<p>Potatisgrat\u00e4ng<\/p>\n<p>Ugnsbakad lax i kuber<\/p>\n<p>Rostade prim\u00f6rer<\/p>\n\n        <\/div>\n    <\/div>\n      <\/div>\n    <\/section>\n\n\n<section  class=\"block-wrapper bg-(--background) color-scheme-light module-spacing-md-top module-spacing-md-bottom site-container\" data-block=\"text-section \">\n            <div class=\"content-container flex flex-col lg:items-center\">\n    <div class=\"w-full lg:max-w-[580px]\">\n                    <h2 class=\"fluid-heading-05 mb-6 text-(--text-primary)\">Efter maten<\/h2>\n            <\/div>\n        <div class=\"lg:max-w-[580px] w-full\">\n        <div class=\"wysiwyg md:max-w-[567px]\">\n            <p>Morotskaka<\/p>\n<p>Chokladmousse<\/p>\n<p>Lemon key pie<\/p>\n<p>Sm\u00e5godis i p\u00e5sk\u00e4gg<\/p>\n<p>Brie<\/p>\n<p>Kvibille gr\u00e4dd\u00e4del<\/p>\n<p>Sm\u00f6r och f\u00e4rsk ost<\/p>\n<p>Kn\u00e4cke och kavring<\/p>\n<p>P\u00e4ron och paprika till ost<\/p>\n\n        <\/div>\n    <\/div>\n      <\/div>\n    <\/section>\n","protected":false},"excerpt":{"rendered":"","protected":false},"author":3,"featured_media":10469,"parent":10928,"menu_order":0,"comment_status":"closed","ping_status":"closed","template":"","meta":{"_acf_changed":false,"_relevanssi_hide_post":"","_relevanssi_hide_content":"","_relevanssi_pin_for_all":"","_relevanssi_pin_keywords":"","_relevanssi_unpin_keywords":"","_relevanssi_related_keywords":"","_relevanssi_related_include_ids":"","_relevanssi_related_exclude_ids":"","_relevanssi_related_no_append":"","_relevanssi_related_not_related":"","_relevanssi_related_posts":"1","_relevanssi_noindex_reason":"","footnotes":""},"class_list":["post-11181","page","type-page","status-publish","has-post-thumbnail","hentry"],"acf":[],"_links":{"self":[{"href":"https:\/\/riksgransen.se\/en\/wp-json\/wp\/v2\/pages\/11181","targetHints":{"allow":["GET"]}}],"collection":[{"href":"https:\/\/riksgransen.se\/en\/wp-json\/wp\/v2\/pages"}],"about":[{"href":"https:\/\/riksgransen.se\/en\/wp-json\/wp\/v2\/types\/page"}],"author":[{"embeddable":true,"href":"https:\/\/riksgransen.se\/en\/wp-json\/wp\/v2\/users\/3"}],"replies":[{"embeddable":true,"href":"https:\/\/riksgransen.se\/en\/wp-json\/wp\/v2\/comments?post=11181"}],"version-history":[{"count":19,"href":"https:\/\/riksgransen.se\/en\/wp-json\/wp\/v2\/pages\/11181\/revisions"}],"predecessor-version":[{"id":11227,"href":"https:\/\/riksgransen.se\/en\/wp-json\/wp\/v2\/pages\/11181\/revisions\/11227"}],"up":[{"embeddable":true,"href":"https:\/\/riksgransen.se\/en\/wp-json\/wp\/v2\/pages\/10928"}],"wp:featuredmedia":[{"embeddable":true,"href":"https:\/\/riksgransen.se\/en\/wp-json\/wp\/v2\/media\/10469"}],"wp:attachment":[{"href":"https:\/\/riksgransen.se\/en\/wp-json\/wp\/v2\/media?parent=11181"}],"curies":[{"name":"wp","href":"https:\/\/api.w.org\/{rel}","templated":true}]}}