{"id":10254,"date":"2026-03-12T14:04:16","date_gmt":"2026-03-12T13:04:16","guid":{"rendered":"https:\/\/riksgransen.se\/?page_id=10254"},"modified":"2026-03-16T19:03:37","modified_gmt":"2026-03-16T18:03:37","slug":"about-us","status":"publish","type":"page","link":"https:\/\/riksgransen.se\/en\/about-us\/","title":{"rendered":"About us"},"content":{"rendered":"<section  class=\"acf-hero-subpage-block variant-columns block-wrapper bg-(--background-brand-primary) color-scheme-light module-spacing-md-top module-spacing-md-bottom\" data-block=\"hero-subpage-columns \">\n            <div class=\"hero-subpage-columns content-container relative image-right has-illustration\">\n                <div class=\"hero-subpage-column-image\">\n                                        <div class=\"illustration-wrapper\">\n                    <div class=\"hero-columns-illustration-bg absolute top-14 md:top-24 lg:top-8 xl:top-12 2xl:top-20 bottom-0 left-0 w-full max-w-240 overflow-hidden\">\n    <svg class=\"block w-full h-auto stroke-(--text-primary)\" viewBox=\"0 0 797 797\">\n        <defs>\n            <pattern id=\"HeroColumnPattern\" x=\"0\" y=\"-.08\" width=\".077\" height=\"0.077\">\n                <path d=\"M30.2 25.8v9M25.8 30.2h9\" stroke-width=\"1\"\/>\n            <\/pattern>\n        <\/defs>\n        <rect fill=\"url(#HeroColumnPattern)\" width=\"797\" height=\"797\" stroke=\"none\"\/>\n    <\/svg>\n<\/div>\n<svg class=\"hero-columns-illustration-fg absolute size-17.25! md:size-27! xl:size-32.5! z-10 fill-(--icon-brand) block w-full h-full\" viewBox=\"0 0 26 24\" fill=\"currentColor\">\n    <path d=\"M20.1396 12.3493C20.0242 12.1502 20.0559 11.8988 20.2171 11.7343C20.6476 11.2947 21.0085 10.8483 21.0085 10.8483L19.7532 9.86038C19.7532 9.86038 19.6997 9.93021 19.6061 10.043C19.3762 10.3187 18.9405 10.283 18.7606 9.97262L13 0.0488281L7.24152 9.97003C7.06264 10.2783 6.63 10.3166 6.39912 10.044C6.32008 9.95038 6.2686 9.88779 6.2686 9.88779L5.01696 10.8809C5.01696 10.8809 5.28944 11.244 5.77668 11.7318C5.94152 11.8962 5.97532 12.1502 5.85832 12.3514L0.052002 22.3564H11.6828C11.9678 22.3564 12.1992 22.5866 12.1992 22.87V23.9506H13.8003V22.87C13.8003 22.5866 14.0317 22.3564 14.3166 22.3564H25.948L20.1396 12.3493ZM12.1997 20.2502C12.1997 20.5337 11.9683 20.7638 11.6834 20.7638H3.71904C3.32176 20.7638 3.0732 20.3356 3.27184 19.9931L7.05588 13.4733C7.20096 13.2235 7.52284 13.1433 7.7714 13.2918C8.98196 14.0149 10.3381 14.4783 11.7463 14.6511C12.0047 14.6826 12.1992 14.9014 12.1992 15.1606V20.2502H12.1997ZM13 13.1381C11.415 13.1381 9.88936 12.713 8.554 11.9035C8.31324 11.7576 8.2316 11.4488 8.37252 11.2057L12.5528 4.00366C12.7514 3.66124 13.2486 3.66124 13.4472 4.00366L17.6275 11.2057C17.7684 11.4483 17.6868 11.7571 17.446 11.9035C16.1112 12.713 14.585 13.1381 13 13.1381ZM22.2804 20.7638H14.3166C14.0317 20.7638 13.8003 20.5337 13.8003 20.2502V15.1606C13.8003 14.9014 13.9942 14.6826 14.2532 14.6511C15.6614 14.4788 17.0175 14.0149 18.2281 13.2923C18.4766 13.1438 18.799 13.224 18.9436 13.4738L22.7276 19.9931C22.9263 20.3356 22.6777 20.7638 22.2804 20.7638Z\"\/>\n<\/svg>                <\/div>\n                                    <picture class=\"w-full illustration-image\"><img srcset=\"https:\/\/images.ohmyhosting.se\/Z1A-JEDZswfj-g1lV_rIugOpHRI=\/200x200\/smart\/filters:quality(85)\/https%3A%2F%2Flaplandresorts.se%2F%2Fwp-content%2Fuploads%2Fsites%2F3%2F2026%2F03%2F2020-vinter-anlaggningen-dronare-matt-robinson-scaled.jpg 200w, https:\/\/images.ohmyhosting.se\/m45wcE0rKH8waxU1wPUP_duW_K4=\/241x241\/smart\/filters:quality(85)\/https%3A%2F%2Flaplandresorts.se%2F%2Fwp-content%2Fuploads%2Fsites%2F3%2F2026%2F03%2F2020-vinter-anlaggningen-dronare-matt-robinson-scaled.jpg 241w, https:\/\/images.ohmyhosting.se\/hESC5IRLDZ2bTu38YVRwt-sUWXg=\/282x282\/smart\/filters:quality(85)\/https%3A%2F%2Flaplandresorts.se%2F%2Fwp-content%2Fuploads%2Fsites%2F3%2F2026%2F03%2F2020-vinter-anlaggningen-dronare-matt-robinson-scaled.jpg 282w, https:\/\/images.ohmyhosting.se\/_NXDgNhXDuBxkHsjNugGf87X8oY=\/323x323\/smart\/filters:quality(85)\/https%3A%2F%2Flaplandresorts.se%2F%2Fwp-content%2Fuploads%2Fsites%2F3%2F2026%2F03%2F2020-vinter-anlaggningen-dronare-matt-robinson-scaled.jpg 323w, https:\/\/images.ohmyhosting.se\/g9xD2jB4Lc2YqmEgwMZOTjm4jRo=\/364x364\/smart\/filters:quality(85)\/https%3A%2F%2Flaplandresorts.se%2F%2Fwp-content%2Fuploads%2Fsites%2F3%2F2026%2F03%2F2020-vinter-anlaggningen-dronare-matt-robinson-scaled.jpg 364w, https:\/\/images.ohmyhosting.se\/U_rtA3DQcyFDBByZW-sbCAQscHk=\/400x400\/smart\/filters:quality(85)\/https%3A%2F%2Flaplandresorts.se%2F%2Fwp-content%2Fuploads%2Fsites%2F3%2F2026%2F03%2F2020-vinter-anlaggningen-dronare-matt-robinson-scaled.jpg 400w, https:\/\/images.ohmyhosting.se\/fVPDeTs7H8FJKj9kmN3VgfmZW3k=\/405x405\/smart\/filters:quality(85)\/https%3A%2F%2Flaplandresorts.se%2F%2Fwp-content%2Fuploads%2Fsites%2F3%2F2026%2F03%2F2020-vinter-anlaggningen-dronare-matt-robinson-scaled.jpg 405w, https:\/\/images.ohmyhosting.se\/ATX4RUYfCRN-sxlJFu8gM8tYoxk=\/446x446\/smart\/filters:quality(85)\/https%3A%2F%2Flaplandresorts.se%2F%2Fwp-content%2Fuploads%2Fsites%2F3%2F2026%2F03%2F2020-vinter-anlaggningen-dronare-matt-robinson-scaled.jpg 446w, https:\/\/images.ohmyhosting.se\/EeaLsJG1MVFuy9uq9YfnVgiRqag=\/482x482\/smart\/filters:quality(85)\/https%3A%2F%2Flaplandresorts.se%2F%2Fwp-content%2Fuploads%2Fsites%2F3%2F2026%2F03%2F2020-vinter-anlaggningen-dronare-matt-robinson-scaled.jpg 482w, https:\/\/images.ohmyhosting.se\/xKTW2eCmh1gVJrj6ZNxfYgBQ5CA=\/487x487\/smart\/filters:quality(85)\/https%3A%2F%2Flaplandresorts.se%2F%2Fwp-content%2Fuploads%2Fsites%2F3%2F2026%2F03%2F2020-vinter-anlaggningen-dronare-matt-robinson-scaled.jpg 487w, https:\/\/images.ohmyhosting.se\/GksC7gK3UmEndXQWyjle51aq-Lg=\/528x528\/smart\/filters:quality(85)\/https%3A%2F%2Flaplandresorts.se%2F%2Fwp-content%2Fuploads%2Fsites%2F3%2F2026%2F03%2F2020-vinter-anlaggningen-dronare-matt-robinson-scaled.jpg 528w, https:\/\/images.ohmyhosting.se\/hMXJZruZJOwoHzfoftYtjnx-qZY=\/564x564\/smart\/filters:quality(85)\/https%3A%2F%2Flaplandresorts.se%2F%2Fwp-content%2Fuploads%2Fsites%2F3%2F2026%2F03%2F2020-vinter-anlaggningen-dronare-matt-robinson-scaled.jpg 564w, https:\/\/images.ohmyhosting.se\/X-op9oCeDCEVX2d4LV9UGAXIAr4=\/569x569\/smart\/filters:quality(85)\/https%3A%2F%2Flaplandresorts.se%2F%2Fwp-content%2Fuploads%2Fsites%2F3%2F2026%2F03%2F2020-vinter-anlaggningen-dronare-matt-robinson-scaled.jpg 569w, https:\/\/images.ohmyhosting.se\/9U2_Vh0ujp4U5Tbf2otD6PYq4hE=\/610x610\/smart\/filters:quality(85)\/https%3A%2F%2Flaplandresorts.se%2F%2Fwp-content%2Fuploads%2Fsites%2F3%2F2026%2F03%2F2020-vinter-anlaggningen-dronare-matt-robinson-scaled.jpg 610w, https:\/\/images.ohmyhosting.se\/cwt76N1HrYMl4l95vCa0SlFR1uQ=\/646x646\/smart\/filters:quality(85)\/https%3A%2F%2Flaplandresorts.se%2F%2Fwp-content%2Fuploads%2Fsites%2F3%2F2026%2F03%2F2020-vinter-anlaggningen-dronare-matt-robinson-scaled.jpg 646w, https:\/\/images.ohmyhosting.se\/vvnC7MwWj2-5gXM-9bg8GovVnVU=\/651x651\/smart\/filters:quality(85)\/https%3A%2F%2Flaplandresorts.se%2F%2Fwp-content%2Fuploads%2Fsites%2F3%2F2026%2F03%2F2020-vinter-anlaggningen-dronare-matt-robinson-scaled.jpg 651w, https:\/\/images.ohmyhosting.se\/1bwcOpJ2UsU-wNA7JEeucGHfpXQ=\/692x692\/smart\/filters:quality(85)\/https%3A%2F%2Flaplandresorts.se%2F%2Fwp-content%2Fuploads%2Fsites%2F3%2F2026%2F03%2F2020-vinter-anlaggningen-dronare-matt-robinson-scaled.jpg 692w, https:\/\/images.ohmyhosting.se\/rP00m3DydrS88InMnY61k1mluFc=\/728x728\/smart\/filters:quality(85)\/https%3A%2F%2Flaplandresorts.se%2F%2Fwp-content%2Fuploads%2Fsites%2F3%2F2026%2F03%2F2020-vinter-anlaggningen-dronare-matt-robinson-scaled.jpg 728w, https:\/\/images.ohmyhosting.se\/46lci8L52ktwugJRHOjCQ8FQplw=\/733x733\/smart\/filters:quality(85)\/https%3A%2F%2Flaplandresorts.se%2F%2Fwp-content%2Fuploads%2Fsites%2F3%2F2026%2F03%2F2020-vinter-anlaggningen-dronare-matt-robinson-scaled.jpg 733w, https:\/\/images.ohmyhosting.se\/Sxb92Sf_bsX6p-k3Y7mWyBFuAow=\/774x774\/smart\/filters:quality(85)\/https%3A%2F%2Flaplandresorts.se%2F%2Fwp-content%2Fuploads%2Fsites%2F3%2F2026%2F03%2F2020-vinter-anlaggningen-dronare-matt-robinson-scaled.jpg 774w, https:\/\/images.ohmyhosting.se\/adCq5oEwZ0NEVZwrnk3lm_x-4eA=\/797x797\/smart\/filters:quality(85)\/https%3A%2F%2Flaplandresorts.se%2F%2Fwp-content%2Fuploads%2Fsites%2F3%2F2026%2F03%2F2020-vinter-anlaggningen-dronare-matt-robinson-scaled.jpg 797w, https:\/\/images.ohmyhosting.se\/aaFvsNUeFC71KzOjA0RoAHT51k0=\/810x810\/smart\/filters:quality(85)\/https%3A%2F%2Flaplandresorts.se%2F%2Fwp-content%2Fuploads%2Fsites%2F3%2F2026%2F03%2F2020-vinter-anlaggningen-dronare-matt-robinson-scaled.jpg 810w, https:\/\/images.ohmyhosting.se\/2UOegz8UUyMQiUN5tCDPTkVcrWo=\/892x892\/smart\/filters:quality(85)\/https%3A%2F%2Flaplandresorts.se%2F%2Fwp-content%2Fuploads%2Fsites%2F3%2F2026%2F03%2F2020-vinter-anlaggningen-dronare-matt-robinson-scaled.jpg 892w, https:\/\/images.ohmyhosting.se\/4um7AA4130--jonWn9dwAMQzPU4=\/974x974\/smart\/filters:quality(85)\/https%3A%2F%2Flaplandresorts.se%2F%2Fwp-content%2Fuploads%2Fsites%2F3%2F2026%2F03%2F2020-vinter-anlaggningen-dronare-matt-robinson-scaled.jpg 974w, https:\/\/images.ohmyhosting.se\/T6369r5rQARUYhTDrMF2dUUCi1I=\/1056x1056\/smart\/filters:quality(85)\/https%3A%2F%2Flaplandresorts.se%2F%2Fwp-content%2Fuploads%2Fsites%2F3%2F2026%2F03%2F2020-vinter-anlaggningen-dronare-matt-robinson-scaled.jpg 1056w, https:\/\/images.ohmyhosting.se\/6Nj9CfajMwheXvMAGu4lLhzhDfU=\/1138x1138\/smart\/filters:quality(85)\/https%3A%2F%2Flaplandresorts.se%2F%2Fwp-content%2Fuploads%2Fsites%2F3%2F2026%2F03%2F2020-vinter-anlaggningen-dronare-matt-robinson-scaled.jpg 1138w, https:\/\/images.ohmyhosting.se\/jRQEJSuDUwUfLRPByCew17tLIJw=\/1220x1220\/smart\/filters:quality(85)\/https%3A%2F%2Flaplandresorts.se%2F%2Fwp-content%2Fuploads%2Fsites%2F3%2F2026%2F03%2F2020-vinter-anlaggningen-dronare-matt-robinson-scaled.jpg 1220w, https:\/\/images.ohmyhosting.se\/xVAxVj09_pAJL3fJHMdyHzKboUg=\/1302x1302\/smart\/filters:quality(85)\/https%3A%2F%2Flaplandresorts.se%2F%2Fwp-content%2Fuploads%2Fsites%2F3%2F2026%2F03%2F2020-vinter-anlaggningen-dronare-matt-robinson-scaled.jpg 1302w, https:\/\/images.ohmyhosting.se\/Gfu_DQ6sZPJI37tZxbAe7HWWnmQ=\/1384x1384\/smart\/filters:quality(85)\/https%3A%2F%2Flaplandresorts.se%2F%2Fwp-content%2Fuploads%2Fsites%2F3%2F2026%2F03%2F2020-vinter-anlaggningen-dronare-matt-robinson-scaled.jpg 1384w, https:\/\/images.ohmyhosting.se\/km1qmtsRlCarz5LuyKunyiOeOcY=\/1466x1466\/smart\/filters:quality(85)\/https%3A%2F%2Flaplandresorts.se%2F%2Fwp-content%2Fuploads%2Fsites%2F3%2F2026%2F03%2F2020-vinter-anlaggningen-dronare-matt-robinson-scaled.jpg 1466w, https:\/\/images.ohmyhosting.se\/eGe4Og5eouVAwDXq8Js5EzsraAc=\/1548x1548\/smart\/filters:quality(85)\/https%3A%2F%2Flaplandresorts.se%2F%2Fwp-content%2Fuploads%2Fsites%2F3%2F2026%2F03%2F2020-vinter-anlaggningen-dronare-matt-robinson-scaled.jpg 1548w, https:\/\/images.ohmyhosting.se\/umfMhmqeqt0-LJp_m2W-VEscDgQ=\/1594x1594\/smart\/filters:quality(85)\/https%3A%2F%2Flaplandresorts.se%2F%2Fwp-content%2Fuploads%2Fsites%2F3%2F2026%2F03%2F2020-vinter-anlaggningen-dronare-matt-robinson-scaled.jpg 1594w\" alt=\"Riksgr&auml;nsens anl&auml;ggning\" class=\"w-full cover-image lazyload\" height=\"797\" width=\"797\" data-src=\"https:\/\/images.ohmyhosting.se\/adCq5oEwZ0NEVZwrnk3lm_x-4eA=\/797x797\/smart\/filters:quality(85)\/https%3A%2F%2Flaplandresorts.se%2F%2Fwp-content%2Fuploads%2Fsites%2F3%2F2026%2F03%2F2020-vinter-anlaggningen-dronare-matt-robinson-scaled.jpg\" loading=\"lazy\" \/><\/picture>\n                                    <\/div>\n        <div class=\"hero-subpage-column-content\">\n                                    <h1 class=\"fluid-display-03 mb-5 max-w-[10em] text-black-1000\">Om oss och v\u00e5r historia.<\/h1>\n                                <\/div>\n    <\/div>\n    <\/section>\n        \n\n<section  class=\"block-wrapper bg-(--background) color-scheme-light module-spacing-md-top module-spacing-md-bottom px-4 md:pl-34 md:pr-17 overflow-hidden\" data-block=\"two-column \">\n            <div class=\"content-container\">\n        <div class=\"two-column grid grid-cols-1 lg:grid-cols-2 lg:gap-x-6 xl:gap-x-10 mx-auto relative text-(--text-primary)\">\n            \n            \n            <div class=\"order-1 mb-4 xs:mb-6 lg:mb-0 relative aspect-square md:mb-8!\">\n                <div class=\"w-full h-fit relative aspect-square w-full\">\n                                                                        <div class=\" image-swiper overlay\" data-switch-interval=\"7000\">\n    <div class=\"image-swiper-items\">\n                                <picture class=\"w-full image-swiper-image overlay\"><img srcset=\"https:\/\/images.ohmyhosting.se\/JwPAsUoKMYyH0oTku_dyAevInT8=\/fit-in\/256x256\/filters:quality(85)\/https%3A%2F%2Flaplandresorts.se%2F%2Fwp-content%2Fuploads%2Fsites%2F3%2F2026%2F03%2F2025-vinter-camping-servicehuset-oliviahuerta.jpg 256w, https:\/\/images.ohmyhosting.se\/wigJVqEkrjkgi0L9kT0i3E0Wpow=\/fit-in\/320x320\/filters:quality(85)\/https%3A%2F%2Flaplandresorts.se%2F%2Fwp-content%2Fuploads%2Fsites%2F3%2F2026%2F03%2F2025-vinter-camping-servicehuset-oliviahuerta.jpg 320w, https:\/\/images.ohmyhosting.se\/KEubBnXomYN3d-qISqL5IXowo-4=\/fit-in\/384x384\/filters:quality(85)\/https%3A%2F%2Flaplandresorts.se%2F%2Fwp-content%2Fuploads%2Fsites%2F3%2F2026%2F03%2F2025-vinter-camping-servicehuset-oliviahuerta.jpg 384w, https:\/\/images.ohmyhosting.se\/Z0T-NJSK9qtudfuPcCtMNLyrgx0=\/fit-in\/448x448\/filters:quality(85)\/https%3A%2F%2Flaplandresorts.se%2F%2Fwp-content%2Fuploads%2Fsites%2F3%2F2026%2F03%2F2025-vinter-camping-servicehuset-oliviahuerta.jpg 448w, https:\/\/images.ohmyhosting.se\/gYgwooe6DyFWa7Fa4WNhijyd-Ao=\/fit-in\/512x512\/filters:quality(85)\/https%3A%2F%2Flaplandresorts.se%2F%2Fwp-content%2Fuploads%2Fsites%2F3%2F2026%2F03%2F2025-vinter-camping-servicehuset-oliviahuerta.jpg 512w, https:\/\/images.ohmyhosting.se\/7f20N6R1_jn7mIp-W9O6sPV9PUY=\/fit-in\/576x576\/filters:quality(85)\/https%3A%2F%2Flaplandresorts.se%2F%2Fwp-content%2Fuploads%2Fsites%2F3%2F2026%2F03%2F2025-vinter-camping-servicehuset-oliviahuerta.jpg 576w, https:\/\/images.ohmyhosting.se\/2LE7hBum1FwscWKdbpFXybiBJHc=\/fit-in\/640x640\/filters:quality(85)\/https%3A%2F%2Flaplandresorts.se%2F%2Fwp-content%2Fuploads%2Fsites%2F3%2F2026%2F03%2F2025-vinter-camping-servicehuset-oliviahuerta.jpg 640w, https:\/\/images.ohmyhosting.se\/RMv121j2wqWHB59SFXTryOzInyo=\/fit-in\/704x704\/filters:quality(85)\/https%3A%2F%2Flaplandresorts.se%2F%2Fwp-content%2Fuploads%2Fsites%2F3%2F2026%2F03%2F2025-vinter-camping-servicehuset-oliviahuerta.jpg 704w, https:\/\/images.ohmyhosting.se\/8RWAHRjEnlV5iDZGC-70ntqv4to=\/fit-in\/768x768\/filters:quality(85)\/https%3A%2F%2Flaplandresorts.se%2F%2Fwp-content%2Fuploads%2Fsites%2F3%2F2026%2F03%2F2025-vinter-camping-servicehuset-oliviahuerta.jpg 768w, https:\/\/images.ohmyhosting.se\/zMG_jTCFy7iTCu1z0VPTyqskjfs=\/fit-in\/832x832\/filters:quality(85)\/https%3A%2F%2Flaplandresorts.se%2F%2Fwp-content%2Fuploads%2Fsites%2F3%2F2026%2F03%2F2025-vinter-camping-servicehuset-oliviahuerta.jpg 832w, https:\/\/images.ohmyhosting.se\/vicqgdGg_vgd_Mq24jJXRCgApng=\/fit-in\/882x882\/filters:quality(85)\/https%3A%2F%2Flaplandresorts.se%2F%2Fwp-content%2Fuploads%2Fsites%2F3%2F2026%2F03%2F2025-vinter-camping-servicehuset-oliviahuerta.jpg 882w, https:\/\/images.ohmyhosting.se\/d3hXT-lujxLgWmhgNk24ovgTpkI=\/fit-in\/896x896\/filters:quality(85)\/https%3A%2F%2Flaplandresorts.se%2F%2Fwp-content%2Fuploads%2Fsites%2F3%2F2026%2F03%2F2025-vinter-camping-servicehuset-oliviahuerta.jpg 896w, https:\/\/images.ohmyhosting.se\/WqU5FwRZ_3xy5NReYvLd8ysfzH4=\/fit-in\/1024x1024\/filters:quality(85)\/https%3A%2F%2Flaplandresorts.se%2F%2Fwp-content%2Fuploads%2Fsites%2F3%2F2026%2F03%2F2025-vinter-camping-servicehuset-oliviahuerta.jpg 1024w, https:\/\/images.ohmyhosting.se\/hHlXbDuuf0uS_zb6WIRVB12blTI=\/fit-in\/1152x1152\/filters:quality(85)\/https%3A%2F%2Flaplandresorts.se%2F%2Fwp-content%2Fuploads%2Fsites%2F3%2F2026%2F03%2F2025-vinter-camping-servicehuset-oliviahuerta.jpg 1152w, https:\/\/images.ohmyhosting.se\/gT9qQ57DnKfVlcvwVdLhI_OBktA=\/fit-in\/1280x1280\/filters:quality(85)\/https%3A%2F%2Flaplandresorts.se%2F%2Fwp-content%2Fuploads%2Fsites%2F3%2F2026%2F03%2F2025-vinter-camping-servicehuset-oliviahuerta.jpg 1280w, https:\/\/images.ohmyhosting.se\/VOys6R7zr7JSQLSQ2pHNDj7fB5I=\/fit-in\/1408x1408\/filters:quality(85)\/https%3A%2F%2Flaplandresorts.se%2F%2Fwp-content%2Fuploads%2Fsites%2F3%2F2026%2F03%2F2025-vinter-camping-servicehuset-oliviahuerta.jpg 1408w, https:\/\/images.ohmyhosting.se\/xd6wzDSpgQnHhXAtWVW2_z3ZgjI=\/fit-in\/1536x1536\/filters:quality(85)\/https%3A%2F%2Flaplandresorts.se%2F%2Fwp-content%2Fuploads%2Fsites%2F3%2F2026%2F03%2F2025-vinter-camping-servicehuset-oliviahuerta.jpg 1536w, https:\/\/images.ohmyhosting.se\/QkYH6C_TuCETvguLklvZHyRz1LA=\/fit-in\/1664x1664\/filters:quality(85)\/https%3A%2F%2Flaplandresorts.se%2F%2Fwp-content%2Fuploads%2Fsites%2F3%2F2026%2F03%2F2025-vinter-camping-servicehuset-oliviahuerta.jpg 1664w, https:\/\/images.ohmyhosting.se\/aOjG3QiWsNpRcMkz7mKgZNjlVEI=\/fit-in\/1764x1764\/filters:quality(85)\/https%3A%2F%2Flaplandresorts.se%2F%2Fwp-content%2Fuploads%2Fsites%2F3%2F2026%2F03%2F2025-vinter-camping-servicehuset-oliviahuerta.jpg 1764w\" alt=\"\" class=\"w-full cover-image lazyload\" height=\"882\" width=\"882\" data-src=\"https:\/\/images.ohmyhosting.se\/vicqgdGg_vgd_Mq24jJXRCgApng=\/fit-in\/882x882\/filters:quality(85)\/https%3A%2F%2Flaplandresorts.se%2F%2Fwp-content%2Fuploads%2Fsites%2F3%2F2026%2F03%2F2025-vinter-camping-servicehuset-oliviahuerta.jpg\" loading=\"lazy\" \/><\/picture>\n            <\/div>\n    <\/div>\n                                            \n                    \n                                    <\/div>\n            <\/div>\n\n            \n            <div class=\"flex flex-col order-2 justify-center\">\n                <div>\n                    \n                                            <h2 class=\"fluid-display-01 mb-6 md:mb-14 max-lg:max-w-[632px]\">Problemet som blev en v\u00e4rldsmagnet<\/h2>\n                                    <\/div>\n\n                <div class=\"self-end max-w-[550px] lg:max-w-[520px] xl:max-w-[530px] 2xl:max-w-[580px]\">\n                                            <div class=\"body-02 \">I Riksgr\u00e4nsen kan vi stoltsera med Sveriges \u00e4ldsta skidskola, men det var faktiskt tack vare bygget av Malmbanan som Riksgr\u00e4nsen fr\u00e5n f\u00f6rsta b\u00f6rjan fick fast befolkning.<br \/>\r\n<br \/>\r\nJ\u00e4rnv\u00e4gen b\u00f6rjade anv\u00e4ndas f\u00f6r att transportera j\u00e4rnmalm fr\u00e5n gruvorna i Malmf\u00e4lten redan i november 1902, men den stora invigningen skedde f\u00f6rst i juli 1903. Detta f\u00f6r att d\u00e5varande unionskungen Oscar II inte ville \u00e5ka upp i m\u00f6rkret och kylan, utan f\u00f6redrog ett bes\u00f6k under midnattsolen! L\u00e4nge var j\u00e4rnv\u00e4gen enda s\u00e4ttet att transportera sig upp till Riksgr\u00e4nsen. E10:an var klar f\u00f6rst 1982.<br \/>\r\n<br \/>\r\nP\u00e5 1910-talet var sn\u00f6f\u00f6rh\u00e5llandena s\u00e5 sv\u00e5ra att man l\u00e4t avbefolka Riksgr\u00e4nsen och de 500 ortsborna flyttade.<br \/>\r\n<br \/>\r\nFriluftsfr\u00e4mjandet, d\u00e5varnade Skidfr\u00e4mjandet, slog 1928 upp portarna f\u00f6r sin turiststation Lapplandia och etablerade Riksgr\u00e4nsen som Sveriges nordligaste skidort.<br \/>\r\n<br \/>\r\nSveriges \u00e4ldsta skidskola startar 1934 av slalompionj\u00e4rerna Olle Rimfors och Sigge Bergman, som varit nere i alperna och l\u00e4rt sig \u201dmodern\u201d utf\u00f6rs\u00e5kning p\u00e5 skidlegendaren Hannes Schneiders skidskola i St Anton am Arlberg.<br \/>\r\n<br \/>\r\n1950 blev Olle Rimfors sportchef i Riksgr\u00e4nsen, en position han hade under 16 \u00e5rs tid. Under sportchef Rimfors ledning l\u00e4rdes m\u00e5nga legendariska svenska skidl\u00e4rare upp, som Bengt-Herman Nilsson, Karl Erik \u201dKEP\u201d Persson och Ulf \u201dMr Ski\u201d Edborg. M\u00e5nga av nedfarterna i Riksgr\u00e4nsen \u00e4r namngivna efter dem.<br \/>\r\n<br \/>\r\n1952 invigs den f\u00f6rsta liften i Riksgr\u00e4nsen, och vinters\u00e4songen 1968 invigs \u00e4ven den \u00f6vre delen av liften, vilket \u00f6ppnar upp f\u00f6r \u00e4nnu mera skid\u00e5kning. Sen dess har fler liftar kommit till och numera finns det sex stycken liftar.<br \/>\r\n<br \/>\r\nGenom \u00e5ren har allts\u00e5 Riksgr\u00e4nsen f\u00f6rvandlats fr\u00e5n att ha varit en station p\u00e5 gr\u00e4nsen mellan Sverige och Norge, till att degraderas till h\u00e5llplats och avfolkas n\u00e4r man elektrifierade Malmbanan, f\u00f6r att till sist bli det vintersportparadis det \u00e4r idag. En bra dag finns det f\u00e5 st\u00e4llen som sl\u00e5r skid\u00e5kningen i Riksgr\u00e4nsen, och att Riksgr\u00e4nsen upprepade g\u00e5nger vunnit utm\u00e4rkelsen som Sveriges B\u00e4sta Offpisteberg \u00e4r ingen slump. Att Riksgr\u00e4nsen vanligtvis ocks\u00e5 kan bjuda p\u00e5 Midsommarskid\u00e5kning under midnattsolen \u00e4r givetvis ocks\u00e5 n\u00e5got som m\u00e5ste upplevas.<\/div>\n                    \n                    \n                    \n                                    <\/div>\n            <\/div>\n        <\/div>\n    <\/div>\n    <\/section>\n","protected":false},"excerpt":{"rendered":"","protected":false},"author":9,"featured_media":0,"parent":0,"menu_order":0,"comment_status":"closed","ping_status":"closed","template":"","meta":{"_acf_changed":false,"_relevanssi_hide_post":"","_relevanssi_hide_content":"","_relevanssi_pin_for_all":"","_relevanssi_pin_keywords":"","_relevanssi_unpin_keywords":"","_relevanssi_related_keywords":"","_relevanssi_related_include_ids":"","_relevanssi_related_exclude_ids":"","_relevanssi_related_no_append":"","_relevanssi_related_not_related":"","_relevanssi_related_posts":"1","_relevanssi_noindex_reason":"","footnotes":""},"class_list":["post-10254","page","type-page","status-publish","hentry"],"acf":[],"_links":{"self":[{"href":"https:\/\/riksgransen.se\/en\/wp-json\/wp\/v2\/pages\/10254","targetHints":{"allow":["GET"]}}],"collection":[{"href":"https:\/\/riksgransen.se\/en\/wp-json\/wp\/v2\/pages"}],"about":[{"href":"https:\/\/riksgransen.se\/en\/wp-json\/wp\/v2\/types\/page"}],"author":[{"embeddable":true,"href":"https:\/\/riksgransen.se\/en\/wp-json\/wp\/v2\/users\/9"}],"replies":[{"embeddable":true,"href":"https:\/\/riksgransen.se\/en\/wp-json\/wp\/v2\/comments?post=10254"}],"version-history":[{"count":6,"href":"https:\/\/riksgransen.se\/en\/wp-json\/wp\/v2\/pages\/10254\/revisions"}],"predecessor-version":[{"id":10519,"href":"https:\/\/riksgransen.se\/en\/wp-json\/wp\/v2\/pages\/10254\/revisions\/10519"}],"wp:attachment":[{"href":"https:\/\/riksgransen.se\/en\/wp-json\/wp\/v2\/media?parent=10254"}],"curies":[{"name":"wp","href":"https:\/\/api.w.org\/{rel}","templated":true}]}}