{"id":10183,"date":"2026-03-12T12:02:28","date_gmt":"2026-03-12T11:02:28","guid":{"rendered":"https:\/\/riksgransen.se\/?page_id=10183"},"modified":"2026-03-31T15:28:21","modified_gmt":"2026-03-31T13:28:21","slug":"menu-lapplandia","status":"publish","type":"page","link":"https:\/\/riksgransen.se\/en\/experiences\/food-fun\/restaurants\/lapplandia-restaurant\/menu-lapplandia\/","title":{"rendered":"Menu Laplandia"},"content":{"rendered":"<section  class=\"acf-hero-subpage-block variant-columns block-wrapper bg-(--background-brand-primary) color-scheme-light module-spacing-md-top module-spacing-md-bottom\" data-block=\"hero-subpage-columns \">\n            <div class=\"hero-subpage-columns content-container relative image-right has-illustration\">\n                    <nav aria-label=\"Breadcrumb\" class=\"hero-breadcrumbs-column\"><ol><\/ol><\/nav><style>nav.hero-breadcrumbs-column ol{display:inline;list-style:none;margin-inline-start:0}nav.hero-breadcrumbs-column ol li{display:inline}nav.hero-breadcrumbs-column ol li:not(:last-child)::after{content:'|';margin-inline-end:1ch;margin-inline-start:1ch}<\/style>                <div class=\"hero-subpage-column-image\">\n                                        <div class=\"illustration-wrapper\">\n                    <div class=\"hero-columns-illustration-bg absolute top-14 md:top-24 lg:top-8 xl:top-12 2xl:top-20 bottom-0 left-0 w-full max-w-240 overflow-hidden\">\n    <svg class=\"block w-full h-auto stroke-(--text-primary)\" viewBox=\"0 0 797 797\">\n        <defs>\n            <pattern id=\"HeroColumnPattern\" x=\"0\" y=\"-.08\" width=\".077\" height=\"0.077\">\n                <path d=\"M30.2 25.8v9M25.8 30.2h9\" stroke-width=\"1\"\/>\n            <\/pattern>\n        <\/defs>\n        <rect fill=\"url(#HeroColumnPattern)\" width=\"797\" height=\"797\" stroke=\"none\"\/>\n    <\/svg>\n<\/div>\n<svg class=\"hero-columns-illustration-fg absolute size-17.25! md:size-27! xl:size-32.5! z-10 fill-(--icon-brand) block w-full h-full\" viewBox=\"0 0 26 24\" fill=\"currentColor\">\n    <path d=\"M20.1396 12.3493C20.0242 12.1502 20.0559 11.8988 20.2171 11.7343C20.6476 11.2947 21.0085 10.8483 21.0085 10.8483L19.7532 9.86038C19.7532 9.86038 19.6997 9.93021 19.6061 10.043C19.3762 10.3187 18.9405 10.283 18.7606 9.97262L13 0.0488281L7.24152 9.97003C7.06264 10.2783 6.63 10.3166 6.39912 10.044C6.32008 9.95038 6.2686 9.88779 6.2686 9.88779L5.01696 10.8809C5.01696 10.8809 5.28944 11.244 5.77668 11.7318C5.94152 11.8962 5.97532 12.1502 5.85832 12.3514L0.052002 22.3564H11.6828C11.9678 22.3564 12.1992 22.5866 12.1992 22.87V23.9506H13.8003V22.87C13.8003 22.5866 14.0317 22.3564 14.3166 22.3564H25.948L20.1396 12.3493ZM12.1997 20.2502C12.1997 20.5337 11.9683 20.7638 11.6834 20.7638H3.71904C3.32176 20.7638 3.0732 20.3356 3.27184 19.9931L7.05588 13.4733C7.20096 13.2235 7.52284 13.1433 7.7714 13.2918C8.98196 14.0149 10.3381 14.4783 11.7463 14.6511C12.0047 14.6826 12.1992 14.9014 12.1992 15.1606V20.2502H12.1997ZM13 13.1381C11.415 13.1381 9.88936 12.713 8.554 11.9035C8.31324 11.7576 8.2316 11.4488 8.37252 11.2057L12.5528 4.00366C12.7514 3.66124 13.2486 3.66124 13.4472 4.00366L17.6275 11.2057C17.7684 11.4483 17.6868 11.7571 17.446 11.9035C16.1112 12.713 14.585 13.1381 13 13.1381ZM22.2804 20.7638H14.3166C14.0317 20.7638 13.8003 20.5337 13.8003 20.2502V15.1606C13.8003 14.9014 13.9942 14.6826 14.2532 14.6511C15.6614 14.4788 17.0175 14.0149 18.2281 13.2923C18.4766 13.1438 18.799 13.224 18.9436 13.4738L22.7276 19.9931C22.9263 20.3356 22.6777 20.7638 22.2804 20.7638Z\"\/>\n<\/svg>                <\/div>\n                                    <picture class=\"w-full illustration-image\"><img srcset=\"https:\/\/images.ohmyhosting.se\/RyZwFvN58tCEeLshzysHkPaonjQ=\/200x200\/smart\/filters:quality(85)\/https%3A%2F%2Flaplandresorts.se%2F%2Fwp-content%2Fuploads%2Fsites%2F3%2F2026%2F03%2F2025-vinter-lounge-lapplandia-ost-chark-emmasvensson.jpg 200w, https:\/\/images.ohmyhosting.se\/0cng8coCxP8ijnVnoLJoFGCbM64=\/241x241\/smart\/filters:quality(85)\/https%3A%2F%2Flaplandresorts.se%2F%2Fwp-content%2Fuploads%2Fsites%2F3%2F2026%2F03%2F2025-vinter-lounge-lapplandia-ost-chark-emmasvensson.jpg 241w, https:\/\/images.ohmyhosting.se\/IYsB4_lHV83mT5q7FNXkYxhscEI=\/282x282\/smart\/filters:quality(85)\/https%3A%2F%2Flaplandresorts.se%2F%2Fwp-content%2Fuploads%2Fsites%2F3%2F2026%2F03%2F2025-vinter-lounge-lapplandia-ost-chark-emmasvensson.jpg 282w, https:\/\/images.ohmyhosting.se\/5sPYEVNWiUJHi0Lnrzd8m8pi1B8=\/323x323\/smart\/filters:quality(85)\/https%3A%2F%2Flaplandresorts.se%2F%2Fwp-content%2Fuploads%2Fsites%2F3%2F2026%2F03%2F2025-vinter-lounge-lapplandia-ost-chark-emmasvensson.jpg 323w, https:\/\/images.ohmyhosting.se\/IVU6gTS3xXLMMFJbRENj7fh_oCo=\/364x364\/smart\/filters:quality(85)\/https%3A%2F%2Flaplandresorts.se%2F%2Fwp-content%2Fuploads%2Fsites%2F3%2F2026%2F03%2F2025-vinter-lounge-lapplandia-ost-chark-emmasvensson.jpg 364w, https:\/\/images.ohmyhosting.se\/qcqKTLwphTqIys2L5fK9e1Ov0SM=\/400x400\/smart\/filters:quality(85)\/https%3A%2F%2Flaplandresorts.se%2F%2Fwp-content%2Fuploads%2Fsites%2F3%2F2026%2F03%2F2025-vinter-lounge-lapplandia-ost-chark-emmasvensson.jpg 400w, https:\/\/images.ohmyhosting.se\/eMzHHEkOT3JiUvQB0FFR9E4P74A=\/405x405\/smart\/filters:quality(85)\/https%3A%2F%2Flaplandresorts.se%2F%2Fwp-content%2Fuploads%2Fsites%2F3%2F2026%2F03%2F2025-vinter-lounge-lapplandia-ost-chark-emmasvensson.jpg 405w, https:\/\/images.ohmyhosting.se\/DR60pJvNFeePnHPVBwcj-h2vTBY=\/446x446\/smart\/filters:quality(85)\/https%3A%2F%2Flaplandresorts.se%2F%2Fwp-content%2Fuploads%2Fsites%2F3%2F2026%2F03%2F2025-vinter-lounge-lapplandia-ost-chark-emmasvensson.jpg 446w, https:\/\/images.ohmyhosting.se\/nytvp2TUGpLdKuLx4vFoKj9TGA8=\/482x482\/smart\/filters:quality(85)\/https%3A%2F%2Flaplandresorts.se%2F%2Fwp-content%2Fuploads%2Fsites%2F3%2F2026%2F03%2F2025-vinter-lounge-lapplandia-ost-chark-emmasvensson.jpg 482w, https:\/\/images.ohmyhosting.se\/n-3O1DlaCFa3qsO4_Z6SGfgtCzU=\/487x487\/smart\/filters:quality(85)\/https%3A%2F%2Flaplandresorts.se%2F%2Fwp-content%2Fuploads%2Fsites%2F3%2F2026%2F03%2F2025-vinter-lounge-lapplandia-ost-chark-emmasvensson.jpg 487w, https:\/\/images.ohmyhosting.se\/r2NQ20xZrov1pdYMv451WTKbRCc=\/528x528\/smart\/filters:quality(85)\/https%3A%2F%2Flaplandresorts.se%2F%2Fwp-content%2Fuploads%2Fsites%2F3%2F2026%2F03%2F2025-vinter-lounge-lapplandia-ost-chark-emmasvensson.jpg 528w, https:\/\/images.ohmyhosting.se\/Y5akx75eHQLm-86LW7K0NiYiKTA=\/564x564\/smart\/filters:quality(85)\/https%3A%2F%2Flaplandresorts.se%2F%2Fwp-content%2Fuploads%2Fsites%2F3%2F2026%2F03%2F2025-vinter-lounge-lapplandia-ost-chark-emmasvensson.jpg 564w, https:\/\/images.ohmyhosting.se\/ASozguw1GdKVh0yygaCpCfmezjI=\/569x569\/smart\/filters:quality(85)\/https%3A%2F%2Flaplandresorts.se%2F%2Fwp-content%2Fuploads%2Fsites%2F3%2F2026%2F03%2F2025-vinter-lounge-lapplandia-ost-chark-emmasvensson.jpg 569w, https:\/\/images.ohmyhosting.se\/kydAz34fIEnMztkVMi_DpDMPm-4=\/610x610\/smart\/filters:quality(85)\/https%3A%2F%2Flaplandresorts.se%2F%2Fwp-content%2Fuploads%2Fsites%2F3%2F2026%2F03%2F2025-vinter-lounge-lapplandia-ost-chark-emmasvensson.jpg 610w, https:\/\/images.ohmyhosting.se\/RlnM1OSnut4OM2B_WmHR610vcgY=\/646x646\/smart\/filters:quality(85)\/https%3A%2F%2Flaplandresorts.se%2F%2Fwp-content%2Fuploads%2Fsites%2F3%2F2026%2F03%2F2025-vinter-lounge-lapplandia-ost-chark-emmasvensson.jpg 646w, https:\/\/images.ohmyhosting.se\/5TsFMBDh8W0TUeF7QKe_-8fm-tc=\/651x651\/smart\/filters:quality(85)\/https%3A%2F%2Flaplandresorts.se%2F%2Fwp-content%2Fuploads%2Fsites%2F3%2F2026%2F03%2F2025-vinter-lounge-lapplandia-ost-chark-emmasvensson.jpg 651w, https:\/\/images.ohmyhosting.se\/pJi1tofM8463F9X9HIQaxNvQoTU=\/692x692\/smart\/filters:quality(85)\/https%3A%2F%2Flaplandresorts.se%2F%2Fwp-content%2Fuploads%2Fsites%2F3%2F2026%2F03%2F2025-vinter-lounge-lapplandia-ost-chark-emmasvensson.jpg 692w, https:\/\/images.ohmyhosting.se\/Gj9SMRFB1lmr_wshHrEXmUn-AGM=\/728x728\/smart\/filters:quality(85)\/https%3A%2F%2Flaplandresorts.se%2F%2Fwp-content%2Fuploads%2Fsites%2F3%2F2026%2F03%2F2025-vinter-lounge-lapplandia-ost-chark-emmasvensson.jpg 728w, https:\/\/images.ohmyhosting.se\/vSxBV6yPCNxcymiZkYhHU7dV_FI=\/733x733\/smart\/filters:quality(85)\/https%3A%2F%2Flaplandresorts.se%2F%2Fwp-content%2Fuploads%2Fsites%2F3%2F2026%2F03%2F2025-vinter-lounge-lapplandia-ost-chark-emmasvensson.jpg 733w, https:\/\/images.ohmyhosting.se\/cnnYr0jwPqNJIC09U8kbZM7deaY=\/774x774\/smart\/filters:quality(85)\/https%3A%2F%2Flaplandresorts.se%2F%2Fwp-content%2Fuploads%2Fsites%2F3%2F2026%2F03%2F2025-vinter-lounge-lapplandia-ost-chark-emmasvensson.jpg 774w, https:\/\/images.ohmyhosting.se\/a22wL9ZooLm_KpZgyyjlGL1MOd0=\/797x797\/smart\/filters:quality(85)\/https%3A%2F%2Flaplandresorts.se%2F%2Fwp-content%2Fuploads%2Fsites%2F3%2F2026%2F03%2F2025-vinter-lounge-lapplandia-ost-chark-emmasvensson.jpg 797w, https:\/\/images.ohmyhosting.se\/iu3MZOwniE2BJnZlzQDakfWJvfo=\/810x810\/smart\/filters:quality(85)\/https%3A%2F%2Flaplandresorts.se%2F%2Fwp-content%2Fuploads%2Fsites%2F3%2F2026%2F03%2F2025-vinter-lounge-lapplandia-ost-chark-emmasvensson.jpg 810w, https:\/\/images.ohmyhosting.se\/UI6xDDnU0ilfPrT-9kh7DWEupEc=\/892x892\/smart\/filters:quality(85)\/https%3A%2F%2Flaplandresorts.se%2F%2Fwp-content%2Fuploads%2Fsites%2F3%2F2026%2F03%2F2025-vinter-lounge-lapplandia-ost-chark-emmasvensson.jpg 892w, https:\/\/images.ohmyhosting.se\/XWpdf_Og-_SwfbxoIr9KCvNjZGU=\/974x974\/smart\/filters:quality(85)\/https%3A%2F%2Flaplandresorts.se%2F%2Fwp-content%2Fuploads%2Fsites%2F3%2F2026%2F03%2F2025-vinter-lounge-lapplandia-ost-chark-emmasvensson.jpg 974w, https:\/\/images.ohmyhosting.se\/luLtTyhvzZKaAOGUQEq84J36F64=\/1056x1056\/smart\/filters:quality(85)\/https%3A%2F%2Flaplandresorts.se%2F%2Fwp-content%2Fuploads%2Fsites%2F3%2F2026%2F03%2F2025-vinter-lounge-lapplandia-ost-chark-emmasvensson.jpg 1056w, https:\/\/images.ohmyhosting.se\/TBHI-AB9D-BkQ6U_Wdhmr9Lj1Qo=\/1138x1138\/smart\/filters:quality(85)\/https%3A%2F%2Flaplandresorts.se%2F%2Fwp-content%2Fuploads%2Fsites%2F3%2F2026%2F03%2F2025-vinter-lounge-lapplandia-ost-chark-emmasvensson.jpg 1138w, https:\/\/images.ohmyhosting.se\/xEIODd81-yDH8rpMM1bEGEXPJjY=\/1220x1220\/smart\/filters:quality(85)\/https%3A%2F%2Flaplandresorts.se%2F%2Fwp-content%2Fuploads%2Fsites%2F3%2F2026%2F03%2F2025-vinter-lounge-lapplandia-ost-chark-emmasvensson.jpg 1220w, https:\/\/images.ohmyhosting.se\/Z5Eb_FXMT7Phus0DHRiWoVwIJYU=\/1302x1302\/smart\/filters:quality(85)\/https%3A%2F%2Flaplandresorts.se%2F%2Fwp-content%2Fuploads%2Fsites%2F3%2F2026%2F03%2F2025-vinter-lounge-lapplandia-ost-chark-emmasvensson.jpg 1302w, https:\/\/images.ohmyhosting.se\/cVhv8bkjWPzOv3d6Avht2_JVXzM=\/1384x1384\/smart\/filters:quality(85)\/https%3A%2F%2Flaplandresorts.se%2F%2Fwp-content%2Fuploads%2Fsites%2F3%2F2026%2F03%2F2025-vinter-lounge-lapplandia-ost-chark-emmasvensson.jpg 1384w, https:\/\/images.ohmyhosting.se\/CKWZAXlkV0QmVbmFOC31K4Kt1cM=\/1466x1466\/smart\/filters:quality(85)\/https%3A%2F%2Flaplandresorts.se%2F%2Fwp-content%2Fuploads%2Fsites%2F3%2F2026%2F03%2F2025-vinter-lounge-lapplandia-ost-chark-emmasvensson.jpg 1466w, https:\/\/images.ohmyhosting.se\/A4J1k0t6Q-1-lpgP-mFO5vWSyZo=\/1548x1548\/smart\/filters:quality(85)\/https%3A%2F%2Flaplandresorts.se%2F%2Fwp-content%2Fuploads%2Fsites%2F3%2F2026%2F03%2F2025-vinter-lounge-lapplandia-ost-chark-emmasvensson.jpg 1548w, https:\/\/images.ohmyhosting.se\/J-oRVOaWq2fn3qlh14P2NsMEpes=\/1594x1594\/smart\/filters:quality(85)\/https%3A%2F%2Flaplandresorts.se%2F%2Fwp-content%2Fuploads%2Fsites%2F3%2F2026%2F03%2F2025-vinter-lounge-lapplandia-ost-chark-emmasvensson.jpg 1594w\" alt=\"\" class=\"w-full cover-image lazyload\" height=\"797\" width=\"797\" data-src=\"https:\/\/images.ohmyhosting.se\/a22wL9ZooLm_KpZgyyjlGL1MOd0=\/797x797\/smart\/filters:quality(85)\/https%3A%2F%2Flaplandresorts.se%2F%2Fwp-content%2Fuploads%2Fsites%2F3%2F2026%2F03%2F2025-vinter-lounge-lapplandia-ost-chark-emmasvensson.jpg\" loading=\"lazy\" \/><\/picture>\n                                    <\/div>\n        <div class=\"hero-subpage-column-content\">\n                                    <h1 class=\"fluid-display-03 mb-5 max-w-[10em] text-black-1000\">Meny &#8211; Lapplandia<\/h1>\n                                <\/div>\n    <\/div>\n    <\/section>\n        \n\n<section  id=\"alacarte\"  class=\"block-wrapper bg-(--background) color-scheme-light module-spacing-md-top module-spacing-sm-bottom site-container\" data-block=\"text-cta-section \">\n            <div class=\"flex flex-col text-(--text-primary) content-container items-start\">\n    \n    <div class=\"flex flex-col lg:gap-x-6 xl:gap-x-7\">\n\n      \n        <div class=\"max-md:max-w-[632px] xl:max-w-[1080px] 2xl:max-w-[1684px]\">\n                        <h2 class=\"fluid-display-01 mb-6\">\u00c0 la carte<\/h2>\n                  <\/div>\n\n      \n        <div class=\"max-w-[549px] lg:max-w-[580px] lg:flex lg:flex-col self-start\">\n\n            \n                    <\/div>\n    <\/div>\n  <\/div>\n    <\/section>\n\n\n<section  class=\"block-wrapper bg-(--background) color-scheme-light module-spacing-sm-top module-spacing-md-bottom site-container\" data-block=\"text-section \">\n            <div class=\"content-container flex flex-col lg:items-center\">\n    <div class=\"w-full lg:max-w-[580px]\">\n                    <h2 class=\"fluid-heading-05 mb-6 text-(--text-primary)\">F\u00f6rr\u00e4tter<\/h2>\n            <\/div>\n        <div class=\"lg:max-w-[580px] w-full\">\n        <div class=\"wysiwyg md:max-w-[567px]\">\n            <p><strong>R\u00f6dingsashimi &#8211; 165 kr<\/strong><\/p>\n<p>Vit gazpacho, pressgurka, gr\u00f6nt \u00e4pple<\/p>\n<p><em>G, N<\/em><\/p>\n<p>&nbsp;<\/p>\n<p><b><strong>Skaldjursbisque<\/strong> &#8211; 165 kr\u00a0<\/b><\/p>\n<p>Vitl\u00f6ksemulsion, r\u00e4ka, f\u00e4nk\u00e5l, t\u00e5ngcaviar<\/p>\n<p><em>MP<\/em><\/p>\n<p>&nbsp;<\/p>\n<p><strong>Kantarelltoast &#8211; 169 kr<\/strong><\/p>\n<p>Svampcr\u00e9me, havtorn<\/p>\n<p><em>MP, G, \u00c4<\/em><\/p>\n<p>&nbsp;<\/p>\n<p><strong>Rentartar &#8211; 185 kr<\/strong><\/p>\n<p>Misomajon\u00e4s, \u00e4ggula, picklad r\u00f6dbeta, salladsl\u00f6k<\/p>\n<p><em>\u00c4, S<\/em><\/p>\n<p>&nbsp;<\/p>\n<p>&nbsp;<\/p>\n\n        <\/div>\n    <\/div>\n      <\/div>\n    <\/section>\n\n\n<section  class=\"block-wrapper bg-(--background) color-scheme-light module-spacing-md-top module-spacing-md-bottom site-container\" data-block=\"text-section \">\n            <div class=\"content-container flex flex-col lg:items-center\">\n    <div class=\"w-full lg:max-w-[580px]\">\n                    <h2 class=\"fluid-heading-05 mb-6 text-(--text-primary)\">Varmr\u00e4tter<\/h2>\n            <\/div>\n        <div class=\"lg:max-w-[580px] w-full\">\n        <div class=\"wysiwyg md:max-w-[567px]\">\n            <p><strong>Stekt r\u00f6ding &#8211; 425kr<\/strong><\/p>\n<p>Brynt sm\u00f6r, blomk\u00e5lspur\u00e9 , cikoriasallad, svartk\u00e5l<\/p>\n<p><em>MP, F<\/em><\/p>\n<p>&nbsp;<\/p>\n<p><strong>Bakad torskrygg &#8211; 370 kr<\/strong><\/p>\n<p>Sandefjordss\u00e5s , mandelpotatis, konfiterad f\u00e4nk\u00e5l, lax rom<\/p>\n<p><em>MP, F, S<\/em><\/p>\n<p>&nbsp;<\/p>\n<p><strong>Oxfil\u00e9 170 gr &#8211; 380 kr<\/strong><\/p>\n<p>Angus s\u00e5s, pommes frites, grillad gr\u00f6nk\u00e5l , endive<\/p>\n<p><em>MP, S<\/em><\/p>\n<p>&nbsp;<\/p>\n<p><strong>Rensadel 165 gr &#8211; 425 kr<\/strong><\/p>\n<p class=\"p1\">Demi-glace med b\u00e4r, glacerade mor\u00f6tter, rotselleripur\u00e9, picklade r\u00f6dbetor<\/p>\n<p class=\"p1\"><em>MP<\/em><\/p>\n<p>&nbsp;<\/p>\n<p><strong>Kungsmussling &#8211; 210 kr<\/strong><\/p>\n<p class=\"p1\">Svartvinb\u00e4rskompott, endive picklad pumpa, vegansk pat\u00e9<\/p>\n<p class=\"p1\"><em>N, G, S<\/em><\/p>\n\n        <\/div>\n    <\/div>\n      <\/div>\n    <\/section>\n\n\n<section  class=\"block-wrapper bg-(--background) color-scheme-light module-spacing-md-top module-spacing-md-bottom site-container\" data-block=\"text-section \">\n            <div class=\"content-container flex flex-col lg:items-center\">\n    <div class=\"w-full lg:max-w-[580px]\">\n                    <h2 class=\"fluid-heading-05 mb-6 text-(--text-primary)\">Dessert<\/h2>\n            <\/div>\n        <div class=\"lg:max-w-[580px] w-full\">\n        <div class=\"wysiwyg md:max-w-[567px]\">\n            <p><strong>Len lingoncr\u00e9me &#8211; 149 kr<\/strong><\/p>\n<p>Mar\u00e4ng, canderade blad<\/p>\n<p><em>MP, \u00c4, GN<\/em><\/p>\n<p>&nbsp;<\/p>\n<p><strong>Fryst chokladmousse &#8211; 149 kr<\/strong><\/p>\n<p>B\u00e4rskum<\/p>\n<p><em>M\u00c5, \u00c4, GN<\/em><\/p>\n<p>&nbsp;<\/p>\n<p><strong>V\u00e5ffla &#8211; 149 kr<\/strong><\/p>\n<p>Hjortronsylt, V\u00e4sterbottenostcr\u00e9me<\/p>\n<p><em>MP, \u00c4, GN<\/em><\/p>\n<p>&nbsp;<\/p>\n<p><strong>Vegansk sorbet &#8211; 140 kr<\/strong><\/p>\n<p>Serveras med dagens b\u00e4r<\/p>\n<p>&nbsp;<\/p>\n<p><strong>Chokladtryffel &#8211; 35 kr<\/strong><\/p>\n<p><em>MP, L, N<\/em><\/p>\n\n        <\/div>\n    <\/div>\n      <\/div>\n    <\/section>\n\n\n<section  id=\"pizza\"  class=\"block-wrapper bg-(--background-brand-primary) color-scheme-light module-spacing-md-top module-spacing-sm-bottom site-container\" data-block=\"text-cta-section \">\n            <div class=\"flex flex-col text-(--text-primary) content-container items-start\">\n    \n    <div class=\"flex flex-col lg:gap-x-6 xl:gap-x-7\">\n\n      \n        <div class=\"max-md:max-w-[632px] xl:max-w-[1080px] 2xl:max-w-[1684px]\">\n                        <h2 class=\"fluid-display-01 mb-6\">Pizza<\/h2>\n                  <\/div>\n\n      \n        <div class=\"max-w-[549px] lg:max-w-[580px] lg:flex lg:flex-col self-start\">\n\n            \n                    <\/div>\n    <\/div>\n  <\/div>\n    <\/section>\n\n\n<section  class=\"block-wrapper bg-(--background-brand-primary) color-scheme-light module-spacing-md-top module-spacing-sm-bottom site-container\" data-block=\"text-section \">\n            <div class=\"content-container flex flex-col lg:items-center\">\n    <div class=\"w-full lg:max-w-[580px]\">\n                    <h2 class=\"fluid-heading-05 mb-6 text-(--text-primary)\">Serveras mellan 15:00 \u2013 21:00 onsdag \u2013 l\u00f6rdag<\/h2>\n            <\/div>\n        <div class=\"lg:max-w-[580px] w-full\">\n        <div class=\"wysiwyg md:max-w-[567px]\">\n            <p><strong>Souvaspizza &#8211; 189 kr<\/strong><\/p>\n<p>Vit bas, souvas (r\u00f6kt renk\u00f6tt), mozzarella, basilika, lingon, svamp, v\u00e4sterbottensost och ruccola<\/p>\n<p><em>G, MP, L<\/em><\/p>\n<p>&nbsp;<\/p>\n<p><strong>Margherita &#8211; 169 kr<\/strong><\/p>\n<p>Tomats\u00e5s, mozarella, basilika, parmesan och olivolja<\/p>\n<p><em>G, MP, L<\/em><\/p>\n<p>&nbsp;<\/p>\n<p><strong>Fj\u00e4llpizza &#8211; 179 kr<\/strong><\/p>\n<p>Vit bas, getost, potatischips, rosmarinhonung och gr\u00e4sl\u00f6k<\/p>\n<p><em>G, MP, L<\/em><\/p>\n<p>&nbsp;<\/p>\n<p><strong>Salami &#8211; 179 kr<\/strong><\/p>\n<p>Tomats\u00e5s, svamp, salami, oregano, parmesan och olivolja<\/p>\n<p><em>G, MP, L<\/em><\/p>\n<p>&nbsp;<\/p>\n<p><strong>Marinara (vegansk) &#8211; 169 kr<\/strong><\/p>\n<p>Tomats\u00e5s, basilika, f\u00e4rska tomater, vitl\u00f6kssalsa och olivolja<\/p>\n<p><em>G<\/em><\/p>\n<p>&nbsp;<\/p>\n<p>Alla pizzor finns \u00e4ven med glutenfri deg.<br \/>\nDen vita basen \u00e4r gjord p\u00e5 cr\u00e8me fra\u00eeche och grekisk yoghurt.<\/p>\n\n        <\/div>\n    <\/div>\n      <\/div>\n    <\/section>\n\n\n<section  class=\"block-wrapper bg-(--background) color-scheme-light module-spacing-md-top module-spacing-md-bottom site-container\" data-block=\"text-cta-section \">\n            <div class=\"flex flex-col text-(--text-primary) content-container\">\n    \n    <div class=\"flex flex-col lg:gap-x-6 xl:gap-x-7 lg:grid lg:grid-cols-2\">\n\n      \n        <div class=\"max-md:max-w-[632px]\">\n                        <h2 class=\"fluid-heading-07 mb-10 md:mb-15\">Allergener<\/h2>\n                  <\/div>\n\n      \n        <div class=\"max-w-[549px] lg:max-w-[580px] lg:flex lg:flex-col self-end lg:self-start lg:justify-self-end\">\n\n                            <div class=\"wysiwyg\">\n                    <p>&nbsp;<\/p>\n<p><strong>Allergener<\/strong><\/p>\n<p><em>G = Gluten<\/em><\/p>\n<p><em>L = Laktos<\/em><\/p>\n<p><em>\u00c4 = \u00c4gg<\/em><\/p>\n<p><em>SK = Skaldjur<\/em><\/p>\n<p><em>S = Senap<\/em><\/p>\n<p><em>N = N\u00f6tter<\/em><\/p>\n<p><em>MP = Mj\u00f6lkprotein<\/em><\/p>\n<p><em>F = Fisk<\/em><\/p>\n<p><em>M = Mandel,<\/em><\/p>\n<p><em>N = N\u00f6tte<\/em><\/p>\n<p><em>S = Soja<\/em><\/p>\n<p><em>GN = Gelatin<\/em><\/p>\n<p><b><br \/>\n<\/b>F\u00f6r andra allergier, v\u00e4nligen fr\u00e5ga v\u00e5r personal.<\/p>\n\n                <\/div>\n            \n                    <\/div>\n    <\/div>\n  <\/div>\n    <\/section>\n","protected":false},"excerpt":{"rendered":"","protected":false},"author":3,"featured_media":0,"parent":10928,"menu_order":0,"comment_status":"closed","ping_status":"closed","template":"","meta":{"_acf_changed":false,"_relevanssi_hide_post":"","_relevanssi_hide_content":"","_relevanssi_pin_for_all":"","_relevanssi_pin_keywords":"","_relevanssi_unpin_keywords":"","_relevanssi_related_keywords":"","_relevanssi_related_include_ids":"","_relevanssi_related_exclude_ids":"","_relevanssi_related_no_append":"","_relevanssi_related_not_related":"","_relevanssi_related_posts":"1","_relevanssi_noindex_reason":"","footnotes":""},"class_list":["post-10183","page","type-page","status-publish","hentry"],"acf":[],"_links":{"self":[{"href":"https:\/\/riksgransen.se\/en\/wp-json\/wp\/v2\/pages\/10183","targetHints":{"allow":["GET"]}}],"collection":[{"href":"https:\/\/riksgransen.se\/en\/wp-json\/wp\/v2\/pages"}],"about":[{"href":"https:\/\/riksgransen.se\/en\/wp-json\/wp\/v2\/types\/page"}],"author":[{"embeddable":true,"href":"https:\/\/riksgransen.se\/en\/wp-json\/wp\/v2\/users\/3"}],"replies":[{"embeddable":true,"href":"https:\/\/riksgransen.se\/en\/wp-json\/wp\/v2\/comments?post=10183"}],"version-history":[{"count":29,"href":"https:\/\/riksgransen.se\/en\/wp-json\/wp\/v2\/pages\/10183\/revisions"}],"predecessor-version":[{"id":10936,"href":"https:\/\/riksgransen.se\/en\/wp-json\/wp\/v2\/pages\/10183\/revisions\/10936"}],"up":[{"embeddable":true,"href":"https:\/\/riksgransen.se\/en\/wp-json\/wp\/v2\/pages\/10928"}],"wp:attachment":[{"href":"https:\/\/riksgransen.se\/en\/wp-json\/wp\/v2\/media?parent=10183"}],"curies":[{"name":"wp","href":"https:\/\/api.w.org\/{rel}","templated":true}]}}