{"id":10155,"date":"2026-03-12T11:09:11","date_gmt":"2026-03-12T10:09:11","guid":{"rendered":"https:\/\/riksgransen.se\/?page_id=10155"},"modified":"2026-03-24T08:40:11","modified_gmt":"2026-03-24T07:40:11","slug":"lounge-menu","status":"publish","type":"page","link":"https:\/\/riksgransen.se\/en\/experiences\/food-fun\/restaurants\/lounge-menu\/","title":{"rendered":"Lounge menu"},"content":{"rendered":"<section  class=\"acf-hero-subpage-block variant-columns block-wrapper bg-(--background) color-scheme-light module-spacing-md-top module-spacing-md-bottom\" data-block=\"hero-subpage-columns \">\n            <div class=\"hero-subpage-columns content-container relative image-right has-illustration\">\n                    <nav aria-label=\"Breadcrumb\" class=\"hero-breadcrumbs-column\"><ol><\/ol><\/nav><style>nav.hero-breadcrumbs-column ol{display:inline;list-style:none;margin-inline-start:0}nav.hero-breadcrumbs-column ol li{display:inline}nav.hero-breadcrumbs-column ol li:not(:last-child)::after{content:'|';margin-inline-end:1ch;margin-inline-start:1ch}<\/style>                <div class=\"hero-subpage-column-image\">\n                                        <div class=\"illustration-wrapper\">\n                    <div class=\"hero-columns-illustration-bg absolute top-14 md:top-24 lg:top-8 xl:top-12 2xl:top-20 bottom-0 left-0 w-full max-w-240 overflow-hidden\">\n    <svg class=\"block w-full h-auto stroke-(--text-primary)\" viewBox=\"0 0 797 797\">\n        <defs>\n            <pattern id=\"HeroColumnPattern\" x=\"0\" y=\"-.08\" width=\".077\" height=\"0.077\">\n                <path d=\"M30.2 25.8v9M25.8 30.2h9\" stroke-width=\"1\"\/>\n            <\/pattern>\n        <\/defs>\n        <rect fill=\"url(#HeroColumnPattern)\" width=\"797\" height=\"797\" stroke=\"none\"\/>\n    <\/svg>\n<\/div>\n<svg class=\"hero-columns-illustration-fg absolute size-17.25! md:size-27! xl:size-32.5! z-10 fill-(--icon-brand) block w-full h-full\" viewBox=\"0 0 26 24\" fill=\"currentColor\">\n    <path d=\"M20.1396 12.3493C20.0242 12.1502 20.0559 11.8988 20.2171 11.7343C20.6476 11.2947 21.0085 10.8483 21.0085 10.8483L19.7532 9.86038C19.7532 9.86038 19.6997 9.93021 19.6061 10.043C19.3762 10.3187 18.9405 10.283 18.7606 9.97262L13 0.0488281L7.24152 9.97003C7.06264 10.2783 6.63 10.3166 6.39912 10.044C6.32008 9.95038 6.2686 9.88779 6.2686 9.88779L5.01696 10.8809C5.01696 10.8809 5.28944 11.244 5.77668 11.7318C5.94152 11.8962 5.97532 12.1502 5.85832 12.3514L0.052002 22.3564H11.6828C11.9678 22.3564 12.1992 22.5866 12.1992 22.87V23.9506H13.8003V22.87C13.8003 22.5866 14.0317 22.3564 14.3166 22.3564H25.948L20.1396 12.3493ZM12.1997 20.2502C12.1997 20.5337 11.9683 20.7638 11.6834 20.7638H3.71904C3.32176 20.7638 3.0732 20.3356 3.27184 19.9931L7.05588 13.4733C7.20096 13.2235 7.52284 13.1433 7.7714 13.2918C8.98196 14.0149 10.3381 14.4783 11.7463 14.6511C12.0047 14.6826 12.1992 14.9014 12.1992 15.1606V20.2502H12.1997ZM13 13.1381C11.415 13.1381 9.88936 12.713 8.554 11.9035C8.31324 11.7576 8.2316 11.4488 8.37252 11.2057L12.5528 4.00366C12.7514 3.66124 13.2486 3.66124 13.4472 4.00366L17.6275 11.2057C17.7684 11.4483 17.6868 11.7571 17.446 11.9035C16.1112 12.713 14.585 13.1381 13 13.1381ZM22.2804 20.7638H14.3166C14.0317 20.7638 13.8003 20.5337 13.8003 20.2502V15.1606C13.8003 14.9014 13.9942 14.6826 14.2532 14.6511C15.6614 14.4788 17.0175 14.0149 18.2281 13.2923C18.4766 13.1438 18.799 13.224 18.9436 13.4738L22.7276 19.9931C22.9263 20.3356 22.6777 20.7638 22.2804 20.7638Z\"\/>\n<\/svg>                <\/div>\n                                    <picture class=\"w-full illustration-image\"><img srcset=\"https:\/\/images.ohmyhosting.se\/u_T4QXG4ojs4VFlHM6uElwmXykM=\/200x200\/smart\/filters:quality(85)\/https%3A%2F%2Flaplandresorts.se%2F%2Fwp-content%2Fuploads%2Fsites%2F3%2F2026%2F03%2F2025-vinter-pizza-lapplandia-lounge-emmasvensson.jpg 200w, https:\/\/images.ohmyhosting.se\/y9db3Ls0py1vq6Y3Z2fJej5dh_s=\/241x241\/smart\/filters:quality(85)\/https%3A%2F%2Flaplandresorts.se%2F%2Fwp-content%2Fuploads%2Fsites%2F3%2F2026%2F03%2F2025-vinter-pizza-lapplandia-lounge-emmasvensson.jpg 241w, https:\/\/images.ohmyhosting.se\/XZfCy745YiUWRYqqYfvkETh4hiE=\/282x282\/smart\/filters:quality(85)\/https%3A%2F%2Flaplandresorts.se%2F%2Fwp-content%2Fuploads%2Fsites%2F3%2F2026%2F03%2F2025-vinter-pizza-lapplandia-lounge-emmasvensson.jpg 282w, https:\/\/images.ohmyhosting.se\/eAo2xCUdYA8kBkCTZJCO12f2hnI=\/323x323\/smart\/filters:quality(85)\/https%3A%2F%2Flaplandresorts.se%2F%2Fwp-content%2Fuploads%2Fsites%2F3%2F2026%2F03%2F2025-vinter-pizza-lapplandia-lounge-emmasvensson.jpg 323w, https:\/\/images.ohmyhosting.se\/RaoMjCVfAzaW6mHwG4_ScmVI1EM=\/364x364\/smart\/filters:quality(85)\/https%3A%2F%2Flaplandresorts.se%2F%2Fwp-content%2Fuploads%2Fsites%2F3%2F2026%2F03%2F2025-vinter-pizza-lapplandia-lounge-emmasvensson.jpg 364w, https:\/\/images.ohmyhosting.se\/Jh3zAsFSVpQrRb1kbEv7SFVArOE=\/400x400\/smart\/filters:quality(85)\/https%3A%2F%2Flaplandresorts.se%2F%2Fwp-content%2Fuploads%2Fsites%2F3%2F2026%2F03%2F2025-vinter-pizza-lapplandia-lounge-emmasvensson.jpg 400w, https:\/\/images.ohmyhosting.se\/zXoOrrMsHfUsJHaWPFfcDv7FuO0=\/405x405\/smart\/filters:quality(85)\/https%3A%2F%2Flaplandresorts.se%2F%2Fwp-content%2Fuploads%2Fsites%2F3%2F2026%2F03%2F2025-vinter-pizza-lapplandia-lounge-emmasvensson.jpg 405w, https:\/\/images.ohmyhosting.se\/0w83-HnCgajPsY_CidRlyfy-uCg=\/446x446\/smart\/filters:quality(85)\/https%3A%2F%2Flaplandresorts.se%2F%2Fwp-content%2Fuploads%2Fsites%2F3%2F2026%2F03%2F2025-vinter-pizza-lapplandia-lounge-emmasvensson.jpg 446w, https:\/\/images.ohmyhosting.se\/dCzHrj7lAxc4CX-SA1Km27cZS-w=\/482x482\/smart\/filters:quality(85)\/https%3A%2F%2Flaplandresorts.se%2F%2Fwp-content%2Fuploads%2Fsites%2F3%2F2026%2F03%2F2025-vinter-pizza-lapplandia-lounge-emmasvensson.jpg 482w, https:\/\/images.ohmyhosting.se\/0yfNy1kKq0nKeU-QdWb66F-WqPU=\/487x487\/smart\/filters:quality(85)\/https%3A%2F%2Flaplandresorts.se%2F%2Fwp-content%2Fuploads%2Fsites%2F3%2F2026%2F03%2F2025-vinter-pizza-lapplandia-lounge-emmasvensson.jpg 487w, https:\/\/images.ohmyhosting.se\/ZByRfKCX35zu888Ni4rQ4S8CK2o=\/528x528\/smart\/filters:quality(85)\/https%3A%2F%2Flaplandresorts.se%2F%2Fwp-content%2Fuploads%2Fsites%2F3%2F2026%2F03%2F2025-vinter-pizza-lapplandia-lounge-emmasvensson.jpg 528w, https:\/\/images.ohmyhosting.se\/6qrXnbtHFPl-LRS8rlMnEkIwSS0=\/564x564\/smart\/filters:quality(85)\/https%3A%2F%2Flaplandresorts.se%2F%2Fwp-content%2Fuploads%2Fsites%2F3%2F2026%2F03%2F2025-vinter-pizza-lapplandia-lounge-emmasvensson.jpg 564w, https:\/\/images.ohmyhosting.se\/wuAh4_aetx8kcvQFX6LGnEkNfEA=\/569x569\/smart\/filters:quality(85)\/https%3A%2F%2Flaplandresorts.se%2F%2Fwp-content%2Fuploads%2Fsites%2F3%2F2026%2F03%2F2025-vinter-pizza-lapplandia-lounge-emmasvensson.jpg 569w, https:\/\/images.ohmyhosting.se\/XLB5M_DCz98BK0o5_P41oxcsnZY=\/610x610\/smart\/filters:quality(85)\/https%3A%2F%2Flaplandresorts.se%2F%2Fwp-content%2Fuploads%2Fsites%2F3%2F2026%2F03%2F2025-vinter-pizza-lapplandia-lounge-emmasvensson.jpg 610w, https:\/\/images.ohmyhosting.se\/ULy9p1UPmbuFEKCPFQf-XVqDBLQ=\/646x646\/smart\/filters:quality(85)\/https%3A%2F%2Flaplandresorts.se%2F%2Fwp-content%2Fuploads%2Fsites%2F3%2F2026%2F03%2F2025-vinter-pizza-lapplandia-lounge-emmasvensson.jpg 646w, https:\/\/images.ohmyhosting.se\/7wHN0elJXaRIRPY7kwi-A8C7Uyc=\/651x651\/smart\/filters:quality(85)\/https%3A%2F%2Flaplandresorts.se%2F%2Fwp-content%2Fuploads%2Fsites%2F3%2F2026%2F03%2F2025-vinter-pizza-lapplandia-lounge-emmasvensson.jpg 651w, https:\/\/images.ohmyhosting.se\/grfAnsIg8-H6qn4hw_FV89d_vsA=\/692x692\/smart\/filters:quality(85)\/https%3A%2F%2Flaplandresorts.se%2F%2Fwp-content%2Fuploads%2Fsites%2F3%2F2026%2F03%2F2025-vinter-pizza-lapplandia-lounge-emmasvensson.jpg 692w, https:\/\/images.ohmyhosting.se\/ACLxzjZkj50KVMo4YhhK7RGmAcU=\/728x728\/smart\/filters:quality(85)\/https%3A%2F%2Flaplandresorts.se%2F%2Fwp-content%2Fuploads%2Fsites%2F3%2F2026%2F03%2F2025-vinter-pizza-lapplandia-lounge-emmasvensson.jpg 728w, https:\/\/images.ohmyhosting.se\/d_cpFUXS4WJzTmnc1s_RsLO4E7Y=\/733x733\/smart\/filters:quality(85)\/https%3A%2F%2Flaplandresorts.se%2F%2Fwp-content%2Fuploads%2Fsites%2F3%2F2026%2F03%2F2025-vinter-pizza-lapplandia-lounge-emmasvensson.jpg 733w, https:\/\/images.ohmyhosting.se\/INYeKpWQKWFXeFl11ShtHdhlPWQ=\/774x774\/smart\/filters:quality(85)\/https%3A%2F%2Flaplandresorts.se%2F%2Fwp-content%2Fuploads%2Fsites%2F3%2F2026%2F03%2F2025-vinter-pizza-lapplandia-lounge-emmasvensson.jpg 774w, https:\/\/images.ohmyhosting.se\/DeQ-0RJxALlKeHX4HlTJKNW0PV8=\/797x797\/smart\/filters:quality(85)\/https%3A%2F%2Flaplandresorts.se%2F%2Fwp-content%2Fuploads%2Fsites%2F3%2F2026%2F03%2F2025-vinter-pizza-lapplandia-lounge-emmasvensson.jpg 797w, https:\/\/images.ohmyhosting.se\/IKarhJw7mBWTSYsOiVFFXskmSJU=\/810x810\/smart\/filters:quality(85)\/https%3A%2F%2Flaplandresorts.se%2F%2Fwp-content%2Fuploads%2Fsites%2F3%2F2026%2F03%2F2025-vinter-pizza-lapplandia-lounge-emmasvensson.jpg 810w, https:\/\/images.ohmyhosting.se\/4tbCTCNqOH034vXl-brrveUpOXA=\/892x892\/smart\/filters:quality(85)\/https%3A%2F%2Flaplandresorts.se%2F%2Fwp-content%2Fuploads%2Fsites%2F3%2F2026%2F03%2F2025-vinter-pizza-lapplandia-lounge-emmasvensson.jpg 892w, https:\/\/images.ohmyhosting.se\/kX30EloE9p5zECLNuQfb4H_4kZM=\/974x974\/smart\/filters:quality(85)\/https%3A%2F%2Flaplandresorts.se%2F%2Fwp-content%2Fuploads%2Fsites%2F3%2F2026%2F03%2F2025-vinter-pizza-lapplandia-lounge-emmasvensson.jpg 974w, https:\/\/images.ohmyhosting.se\/7Yf98_yMswnuiovTtVpSuubKPbE=\/1056x1056\/smart\/filters:quality(85)\/https%3A%2F%2Flaplandresorts.se%2F%2Fwp-content%2Fuploads%2Fsites%2F3%2F2026%2F03%2F2025-vinter-pizza-lapplandia-lounge-emmasvensson.jpg 1056w, https:\/\/images.ohmyhosting.se\/ocS4fKWofquhjWqY5sKGEeJindQ=\/1138x1138\/smart\/filters:quality(85)\/https%3A%2F%2Flaplandresorts.se%2F%2Fwp-content%2Fuploads%2Fsites%2F3%2F2026%2F03%2F2025-vinter-pizza-lapplandia-lounge-emmasvensson.jpg 1138w, https:\/\/images.ohmyhosting.se\/Uge_rev-fTanZKpo8KaGpJCn8hQ=\/1220x1220\/smart\/filters:quality(85)\/https%3A%2F%2Flaplandresorts.se%2F%2Fwp-content%2Fuploads%2Fsites%2F3%2F2026%2F03%2F2025-vinter-pizza-lapplandia-lounge-emmasvensson.jpg 1220w, https:\/\/images.ohmyhosting.se\/anZD-YB0hiMdDY-njgPWEwf6wqc=\/1302x1302\/smart\/filters:quality(85)\/https%3A%2F%2Flaplandresorts.se%2F%2Fwp-content%2Fuploads%2Fsites%2F3%2F2026%2F03%2F2025-vinter-pizza-lapplandia-lounge-emmasvensson.jpg 1302w, https:\/\/images.ohmyhosting.se\/-BIF-5vsnXheEc3K123tIhGd9JY=\/1384x1384\/smart\/filters:quality(85)\/https%3A%2F%2Flaplandresorts.se%2F%2Fwp-content%2Fuploads%2Fsites%2F3%2F2026%2F03%2F2025-vinter-pizza-lapplandia-lounge-emmasvensson.jpg 1384w, https:\/\/images.ohmyhosting.se\/246ZJx9ju4lEWo-BRgX3dTnSrtI=\/1466x1466\/smart\/filters:quality(85)\/https%3A%2F%2Flaplandresorts.se%2F%2Fwp-content%2Fuploads%2Fsites%2F3%2F2026%2F03%2F2025-vinter-pizza-lapplandia-lounge-emmasvensson.jpg 1466w, https:\/\/images.ohmyhosting.se\/CTeLssb0S-G1pqKG1FkBT5TSNYQ=\/1548x1548\/smart\/filters:quality(85)\/https%3A%2F%2Flaplandresorts.se%2F%2Fwp-content%2Fuploads%2Fsites%2F3%2F2026%2F03%2F2025-vinter-pizza-lapplandia-lounge-emmasvensson.jpg 1548w, https:\/\/images.ohmyhosting.se\/HfzXwrGsg7tukNQ4_85qEm2YN1I=\/1594x1594\/smart\/filters:quality(85)\/https%3A%2F%2Flaplandresorts.se%2F%2Fwp-content%2Fuploads%2Fsites%2F3%2F2026%2F03%2F2025-vinter-pizza-lapplandia-lounge-emmasvensson.jpg 1594w\" alt=\"\" class=\"w-full cover-image lazyload\" height=\"797\" width=\"797\" data-src=\"https:\/\/images.ohmyhosting.se\/DeQ-0RJxALlKeHX4HlTJKNW0PV8=\/797x797\/smart\/filters:quality(85)\/https%3A%2F%2Flaplandresorts.se%2F%2Fwp-content%2Fuploads%2Fsites%2F3%2F2026%2F03%2F2025-vinter-pizza-lapplandia-lounge-emmasvensson.jpg\" loading=\"lazy\" \/><\/picture>\n                                    <\/div>\n        <div class=\"hero-subpage-column-content\">\n                                    <h1 class=\"fluid-display-03 mb-5 max-w-[10em] text-black-1000\">Loungemeny<\/h1>\n                                <\/div>\n    <\/div>\n    <\/section>\n        \n\n<section  id=\"lunch\"  class=\"block-wrapper bg-(--background-brand-primary) color-scheme-light module-spacing-md-top module-spacing-md-bottom site-container\" data-block=\"text-section \">\n            <div class=\"content-container flex flex-col lg:items-center\">\n    <div class=\"w-full lg:max-w-[580px]\">\n                    <h2 class=\"fluid-heading-05 mb-6 text-(--text-primary)\">F\u00f6r de stora \u00e4ventyrarna<\/h2>\n            <\/div>\n        <div class=\"lg:max-w-[580px] w-full\">\n        <div class=\"wysiwyg md:max-w-[567px]\">\n            <p><b data-path-to-node=\"2\" data-index-in-node=\"0\">Cheeseburgare<\/b> <strong>\u2013 199 kr<\/strong> En rej\u00e4l klassiker p\u00e5 160g n\u00f6tk\u00f6tt som serveras med v\u00e5r egen signaturdressing, sm\u00e4lt cheddarost, skivad bifftomat, krispsallad och syrad r\u00f6dl\u00f6k. Kommer med gyllene pommes och en lyxig tryffeldip. (G, MP, \u00c4, L)<\/p>\n<header class=\"intro\">\n<p data-path-to-node=\"3\"><b data-path-to-node=\"3\" data-index-in-node=\"0\">Veganburgare<\/b> <strong>\u2013 185 kr<\/strong><br \/>\nV\u00e5r saftiga Beyond Burger-puck med v\u00e5r egen veganska dressing, bifftomat, krispsallad och syrad r\u00f6dl\u00f6k. Serveras med pommes och tryffeldip. (G)<\/p>\n<p data-path-to-node=\"4\"><b data-path-to-node=\"4\" data-index-in-node=\"0\">Club Sandwich<\/b> <strong>\u2013 185 kr<\/strong><br \/>\nEn m\u00e4ttande favorit fylld med kyckling, knaperstekt bacon, krispsallad och bifftomat. Serveras med tryffeldip och pommes. (G, \u00c4)<\/p>\n<p data-path-to-node=\"5\"><b data-path-to-node=\"5\" data-index-in-node=\"0\">R\u00e4ksm\u00f6rg\u00e5s (120g)<\/b> <strong>\u2013 185 kr<br \/>\n<\/strong>Klassisk lyx p\u00e5 stekt levainbr\u00f6d med rikligt av handskalade r\u00e4kor, dillkaprismajonn\u00e4s, \u00e4gg och citron. (G, \u00c4, F, SK)<\/p>\n<p data-path-to-node=\"6\"><b data-path-to-node=\"6\" data-index-in-node=\"0\">Pok\u00e9 Bowl<\/b> <strong>\u2013 185 kr<\/strong><br \/>\nEn fr\u00e4sch och f\u00e4rgstark bowl med quinoa, syrad r\u00f6dk\u00e5l, edamameb\u00f6nor, mango, r\u00e4disor och salladsl\u00f6k. Toppas med chiliaioli och sesamfr\u00f6n. <i data-path-to-node=\"6\" data-index-in-node=\"156\">V\u00e4lj mellan: Tofu eller r\u00f6kt lax <\/i>(F, S, \u00c4, SE)<\/p>\n<p data-path-to-node=\"7\"><b data-path-to-node=\"7\" data-index-in-node=\"0\">K\u00f6ttbullar<\/b> <strong>\u2013 189 kr<\/strong><br \/>\nHemlagade k\u00f6ttbullar p\u00e5 n\u00f6tk\u00f6tt som serveras med fluffig potatispur\u00e9, kr\u00e4mig gr\u00e4dds\u00e5s, r\u00e5r\u00f6rda lingon och inlagd gurka. (MP)<\/p>\n<p data-path-to-node=\"8\"><b data-path-to-node=\"8\" data-index-in-node=\"0\">Dirty Fries<\/b> <strong>\u2013 129 kr<\/strong><br \/>\nPerfekt att dela p\u00e5 eller som ett matigare tilltugg! Pommes toppade med kryddig k\u00f6ttf\u00e4rs, parmesanost, kr\u00e4mig cr\u00e8me fra\u00eeche, tomat, jalape\u00f1os och guacamole. (G, MP, \u00c4)<\/p>\n<\/header>\n<h3><\/h3>\n<h3 class=\"intro\">F\u00f6r de sm\u00e5 \u00e4ventyrarna<\/h3>\n<header class=\"intro\"><b data-path-to-node=\"11\" data-index-in-node=\"0\">Barnburgare<\/b> <strong>\u2013 105 kr<\/strong><\/p>\n<p data-path-to-node=\"11\">En enkel och god burgare som serveras med pommes frites och ketchup. (G)<\/p>\n<p data-path-to-node=\"12\"><b data-path-to-node=\"12\" data-index-in-node=\"0\">Chicken nuggets<\/b> <strong>\u2013 95 kr<\/strong><br \/>\nFrasiga nuggets som serveras med pommes frites och ketchup. (G)<\/p>\n<p data-path-to-node=\"13\"><b data-path-to-node=\"13\" data-index-in-node=\"0\">Pannkakor<\/b> <strong>\u2013 85 kr<\/strong><br \/>\nTre gyllene pannkakor som serveras klassiskt med sylt och vispad gr\u00e4dde. (\u00c4, G, MP)<\/p>\n<\/header>\n\n        <\/div>\n    <\/div>\n      <\/div>\n    <\/section>\n","protected":false},"excerpt":{"rendered":"","protected":false},"author":3,"featured_media":0,"parent":8789,"menu_order":0,"comment_status":"closed","ping_status":"closed","template":"","meta":{"_acf_changed":false,"_relevanssi_hide_post":"","_relevanssi_hide_content":"","_relevanssi_pin_for_all":"","_relevanssi_pin_keywords":"","_relevanssi_unpin_keywords":"","_relevanssi_related_keywords":"","_relevanssi_related_include_ids":"","_relevanssi_related_exclude_ids":"","_relevanssi_related_no_append":"","_relevanssi_related_not_related":"","_relevanssi_related_posts":"","_relevanssi_noindex_reason":"","footnotes":""},"class_list":["post-10155","page","type-page","status-publish","hentry"],"acf":[],"_links":{"self":[{"href":"https:\/\/riksgransen.se\/en\/wp-json\/wp\/v2\/pages\/10155","targetHints":{"allow":["GET"]}}],"collection":[{"href":"https:\/\/riksgransen.se\/en\/wp-json\/wp\/v2\/pages"}],"about":[{"href":"https:\/\/riksgransen.se\/en\/wp-json\/wp\/v2\/types\/page"}],"author":[{"embeddable":true,"href":"https:\/\/riksgransen.se\/en\/wp-json\/wp\/v2\/users\/3"}],"replies":[{"embeddable":true,"href":"https:\/\/riksgransen.se\/en\/wp-json\/wp\/v2\/comments?post=10155"}],"version-history":[{"count":9,"href":"https:\/\/riksgransen.se\/en\/wp-json\/wp\/v2\/pages\/10155\/revisions"}],"predecessor-version":[{"id":11026,"href":"https:\/\/riksgransen.se\/en\/wp-json\/wp\/v2\/pages\/10155\/revisions\/11026"}],"up":[{"embeddable":true,"href":"https:\/\/riksgransen.se\/en\/wp-json\/wp\/v2\/pages\/8789"}],"wp:attachment":[{"href":"https:\/\/riksgransen.se\/en\/wp-json\/wp\/v2\/media?parent=10155"}],"curies":[{"name":"wp","href":"https:\/\/api.w.org\/{rel}","templated":true}]}}